{"id":961,"date":"2021-07-19T14:49:41","date_gmt":"2021-07-19T14:49:41","guid":{"rendered":"https:\/\/laatufarmi.fi\/tuote\/faste-for-minihalfras\/"},"modified":"2025-02-20T16:50:36","modified_gmt":"2025-02-20T14:50:36","slug":"faste-for-minihalfras","status":"publish","type":"product","link":"https:\/\/laatufarmi.fi\/sv\/produkt\/faste-for-minihalfras\/","title":{"rendered":"F\u00e4ste F\u00f6r Minih\u00e5lfr\u00e4s"},"content":{"rendered":"","protected":false},"excerpt":{"rendered":"<p>Storlek v\u00e4ljs enligt h\u00e5lfr\u00e4sens storlek.<\/p>\n","protected":false},"featured_media":956,"template":"","meta":[],"product_brand":[],"product_cat":[36],"product_tag":[],"class_list":{"0":"post-961","1":"product","2":"type-product","3":"status-publish","4":"has-post-thumbnail","6":"product_cat-borrar-och-halborrar","7":"product_shipping_class-postpaket-s","9":"first","10":"instock","11":"taxable","12":"shipping-taxable","13":"purchasable","14":"product-type-variable"},"_links":{"self":[{"href":"https:\/\/laatufarmi.fi\/sv\/wp-json\/wp\/v2\/product\/961","targetHints":{"allow":["GET"]}}],"collection":[{"href":"https:\/\/laatufarmi.fi\/sv\/wp-json\/wp\/v2\/product"}],"about":[{"href":"https:\/\/laatufarmi.fi\/sv\/wp-json\/wp\/v2\/types\/product"}],"wp:featuredmedia":[{"embeddable":true,"href":"https:\/\/laatufarmi.fi\/sv\/wp-json\/wp\/v2\/media\/956"}],"wp:attachment":[{"href":"https:\/\/laatufarmi.fi\/sv\/wp-json\/wp\/v2\/media?parent=961"}],"wp:term":[{"taxonomy":"product_brand","embeddable":true,"href":"https:\/\/laatufarmi.fi\/sv\/wp-json\/wp\/v2\/product_brand?post=961"},{"taxonomy":"product_cat","embeddable":true,"href":"https:\/\/laatufarmi.fi\/sv\/wp-json\/wp\/v2\/product_cat?post=961"},{"taxonomy":"product_tag","embeddable":true,"href":"https:\/\/laatufarmi.fi\/sv\/wp-json\/wp\/v2\/product_tag?post=961"}],"curies":[{"name":"wp","href":"https:\/\/api.w.org\/{rel}","templated":true}]}}