{"id":921,"date":"2021-07-19T11:55:07","date_gmt":"2021-07-19T11:55:07","guid":{"rendered":"https:\/\/laatufarmi.fi\/tuote\/hss-halborr-minihalfras\/"},"modified":"2025-05-12T21:08:04","modified_gmt":"2025-05-12T18:08:04","slug":"hss-halborr-minihalfras","status":"publish","type":"product","link":"https:\/\/laatufarmi.fi\/sv\/produkt\/hss-halborr-minihalfras\/","title":{"rendered":"HSS H\u00e5lborr Minih\u00e5lfr\u00e4s"},"content":{"rendered":"<p>Minih\u00e5lfr\u00e4s \u00e4r en l\u00e4mplig modell f\u00f6r handborrmaskiner.<\/p>\n<p>Med minih\u00e5lfr\u00e4sen kan du snabbt och enkelt borra tunnare st\u00e5l och metall (upp till 10 mm). Den fungerar ocks\u00e5 f\u00f6r borrning av glasfiber, plast, gummi, aluminium och rostfritt st\u00e5l.<\/p>\n<p>H\u00e5lfr\u00e4s \u00e4r den \u00f6verl\u00e4gset snabbaste och mest h\u00e5llbara borren f\u00f6r borrning av h\u00e5l. Du borrar \u00e4ven stora h\u00e5l i h\u00e5rt material snabbt och enkelt.<\/p>\n<p>Borren kan anv\u00e4ndas f\u00f6r st\u00e5l med en materialh\u00e5rdhet p\u00e5 upp till 700N \/ mm2.<\/p>\n<p>Minih\u00e5lfr\u00e4sen har varit v\u00e4ldigt popul\u00e4r bland elektriker och metallbearbetning.<\/p>\n<p>Med en vanlig handborr kan du borra h\u00e5l upp till \u00d8 35 mm utan f\u00f6rborrning! P\u00e5 grund av borrens form borrar du upp till tre g\u00e5nger snabbare och bladet f\u00f6rblir skarpt mycket l\u00e4ngre \u00e4n en traditionell metallborr.<\/p>\n<p>Borrkronor finns i storlekar \u00d8 6 mm \u2013 \u00d8 35 mm.<\/p>\n<p>F\u00e4stet best\u00e4lls skillt.<\/p>\n","protected":false},"excerpt":{"rendered":"<p>Minih\u00e5lfr\u00e4s \u00e4r en l\u00e4mplig modell f\u00f6r handborrmaskiner. H\u00e5lfr\u00e4s \u00e4r den \u00f6verl\u00e4gset snabbaste och mest h\u00e5llbara borren f\u00f6r borrning av h\u00e5l. Du borrar \u00e4ven stora h\u00e5l i h\u00e5rt material snabbt och enkelt.<\/p>\n<p>F\u00f6r borrning i st\u00e5l, aluminium, plast, rostfritt st\u00e5l och j\u00e4rn. Kan anv\u00e4ndas f\u00f6r st\u00e5l med en materialh\u00e5rdhet p\u00e5 upp till 700N \/ mm2.<\/p>\n","protected":false},"featured_media":912,"template":"","meta":[],"product_brand":[],"product_cat":[36],"product_tag":[],"class_list":{"0":"post-921","1":"product","2":"type-product","3":"status-publish","4":"has-post-thumbnail","6":"product_cat-borrar-och-halborrar","7":"product_shipping_class-postpaket-s","9":"first","10":"instock","11":"taxable","12":"shipping-taxable","13":"purchasable","14":"product-type-variable"},"_links":{"self":[{"href":"https:\/\/laatufarmi.fi\/sv\/wp-json\/wp\/v2\/product\/921","targetHints":{"allow":["GET"]}}],"collection":[{"href":"https:\/\/laatufarmi.fi\/sv\/wp-json\/wp\/v2\/product"}],"about":[{"href":"https:\/\/laatufarmi.fi\/sv\/wp-json\/wp\/v2\/types\/product"}],"wp:featuredmedia":[{"embeddable":true,"href":"https:\/\/laatufarmi.fi\/sv\/wp-json\/wp\/v2\/media\/912"}],"wp:attachment":[{"href":"https:\/\/laatufarmi.fi\/sv\/wp-json\/wp\/v2\/media?parent=921"}],"wp:term":[{"taxonomy":"product_brand","embeddable":true,"href":"https:\/\/laatufarmi.fi\/sv\/wp-json\/wp\/v2\/product_brand?post=921"},{"taxonomy":"product_cat","embeddable":true,"href":"https:\/\/laatufarmi.fi\/sv\/wp-json\/wp\/v2\/product_cat?post=921"},{"taxonomy":"product_tag","embeddable":true,"href":"https:\/\/laatufarmi.fi\/sv\/wp-json\/wp\/v2\/product_tag?post=921"}],"curies":[{"name":"wp","href":"https:\/\/api.w.org\/{rel}","templated":true}]}}