{"id":627,"date":"2021-07-19T08:27:22","date_gmt":"2021-07-19T08:27:22","guid":{"rendered":"https:\/\/laatufarmi.fi\/tuote\/tct-halborr-halfras-borrdjup-35-mm-universal-faste\/"},"modified":"2021-07-19T08:27:22","modified_gmt":"2021-07-19T08:27:22","slug":"tct-halborr-halfras-borrdjup-35-mm-universal-faste","status":"publish","type":"product","link":"https:\/\/laatufarmi.fi\/sv\/produkt\/tct-halborr-halfras-borrdjup-35-mm-universal-faste\/","title":{"rendered":"TCT H\u00e5lborr, H\u00e5lfr\u00e4s Borrdjup 35 Mm Universal F\u00e4ste"},"content":{"rendered":"<p>TCT h\u00e5lborr, h\u00e5lfr\u00e4s f\u00f6r h\u00e5rdmetall med universal f\u00e4ste, l\u00e4mplig f\u00f6r h\u00e5rdmetallmaterial upp till 800 n \/ mm2.<\/p>\n<p>TCT h\u00e5lborren \u00e4r l\u00e4mplig f\u00f6r m\u00e5nga typer av borrmaskiner. Att anv\u00e4nda en h\u00e5lborr f\u00f6r h\u00e5rdmetall \u00e4r ett effektivt och enkelt s\u00e4tt att borra.<\/p>\n<p>Vi har h\u00e5lborrar med olika borrdjup och typer fr\u00e5n 12 till 200 mm.<\/p>\n<p>F\u00f6rdelen med universell f\u00e4ste \u00e4r att borrarna \u00e4r l\u00e4mpliga f\u00f6r m\u00e5nga typer av borrmaskiner som Nitto, Weldon och Fine, etc. H\u00e5lfr\u00e4sar \u00e4r l\u00e4mpliga f\u00f6r t.ex. f\u00f6r f\u00f6ljande maskiner: Euroboor, Luna, Metabo, MB, Makita, Dewalt, BDS, BMD, Milwaukee, Promotech och Fein.<\/p>\n<p>Kontakta oss om du anv\u00e4nder mycket borrar. Vad vi inte har i lager kan vi best\u00e4lla.<\/p>\n","protected":false},"excerpt":{"rendered":"<p>TCT h\u00e5lborr, h\u00e5lfr\u00e4s f\u00f6r h\u00e5rdmetall med universal f\u00e4ste, l\u00e4mplig f\u00f6r h\u00e5rdmetallmaterial upp till 800 n \/ mm2. TCT h\u00e5lborren \u00e4r l\u00e4mplig f\u00f6r m\u00e5nga typer av borrmaskiner. Att anv\u00e4nda en h\u00e5lborr f\u00f6r h\u00e5rdmetall \u00e4r ett effektivt och enkelt s\u00e4tt att borra. Vi har h\u00e5lborrar med olika borrdjup och typer fr\u00e5n 12 till 200 mm. F\u00f6rdelen med [&#8230;]\n","protected":false},"featured_media":649,"template":"","meta":[],"product_brand":[],"product_cat":[36],"product_tag":[],"class_list":{"0":"post-627","1":"product","2":"type-product","3":"status-publish","4":"has-post-thumbnail","6":"product_cat-borrar-och-halborrar","7":"product_shipping_class-postpaket-s","9":"first","10":"instock","11":"taxable","12":"shipping-taxable","13":"purchasable","14":"product-type-variable"},"_links":{"self":[{"href":"https:\/\/laatufarmi.fi\/sv\/wp-json\/wp\/v2\/product\/627","targetHints":{"allow":["GET"]}}],"collection":[{"href":"https:\/\/laatufarmi.fi\/sv\/wp-json\/wp\/v2\/product"}],"about":[{"href":"https:\/\/laatufarmi.fi\/sv\/wp-json\/wp\/v2\/types\/product"}],"wp:featuredmedia":[{"embeddable":true,"href":"https:\/\/laatufarmi.fi\/sv\/wp-json\/wp\/v2\/media\/649"}],"wp:attachment":[{"href":"https:\/\/laatufarmi.fi\/sv\/wp-json\/wp\/v2\/media?parent=627"}],"wp:term":[{"taxonomy":"product_brand","embeddable":true,"href":"https:\/\/laatufarmi.fi\/sv\/wp-json\/wp\/v2\/product_brand?post=627"},{"taxonomy":"product_cat","embeddable":true,"href":"https:\/\/laatufarmi.fi\/sv\/wp-json\/wp\/v2\/product_cat?post=627"},{"taxonomy":"product_tag","embeddable":true,"href":"https:\/\/laatufarmi.fi\/sv\/wp-json\/wp\/v2\/product_tag?post=627"}],"curies":[{"name":"wp","href":"https:\/\/api.w.org\/{rel}","templated":true}]}}