{"id":589,"date":"2021-06-23T07:47:53","date_gmt":"2021-06-23T07:47:53","guid":{"rendered":"https:\/\/laatufarmi.fi\/tuote\/ledbey-extra-ljuspanel-58-cm\/"},"modified":"2021-06-23T07:47:53","modified_gmt":"2021-06-23T07:47:53","slug":"ledbey-extra-ljuspanel-58-cm","status":"publish","type":"product","link":"https:\/\/laatufarmi.fi\/sv\/produkt\/ledbey-extra-ljuspanel-58-cm\/","title":{"rendered":"Ledbey Extra Ljuspanel 58 cm"},"content":{"rendered":"<p><strong>Extraljus till bil<\/strong><\/p>\n<p>Spridning: Spot<br \/>\nLumen: 7380<br \/>\nReferenstal: 45<br \/>\nSp\u00e4nning: 12 och 24V<br \/>\nAntal LED: 20 st<br \/>\nEffekt: 60 W<br \/>\nIP-grad: IP69K<br \/>\nLysf\u00e4rg: 6000K<br \/>\nKastl\u00e4ngd: 1210 m<br \/>\nFasts\u00e4ttning: DT hon vattent\u00e4t<br \/>\nLivsl\u00e4ngd 30-50 000 timmar<\/p>\n<p>Singelrad-lamporna \u00e4r l\u00e4tta, sm\u00e5 lampor som enkelt kan g\u00f6mmas i grillen p\u00e5 bilen. Dessa lampor anv\u00e4nder lite energi, men ger \u00e4nd\u00e5 mycket ljus i f\u00f6rh\u00e5llande till storleken.<\/p>\n<p>Detta \u00e4r lampor som \u00e4r godk\u00e4nda till bilar p\u00e5 offentlig v\u00e4g som extraljus. De har ECE R112 och R10-certifikat, ut\u00f6ver e-m\u00e4rket.<\/p>\n<p>LEDbey har ett kraftig ljus med OSRAM och CREE LED-dioder som ger lampor av h\u00f6g kvalitet och l\u00e5ng livstid. H\u00f6gteknologisk elektronik som \u00e4r inkapslat i ett kraftig hus av aluminium och f\u00e4stat med rostfria f\u00e4sten och skruvar, s\u00e4krar dig som kund en produkt som du har gl\u00e4dje av i m\u00e5nga \u00e5r fram\u00f6ver.<\/p>\n<p>Dessa har ocks\u00e5 IP69K som \u00e4r extremt bra t\u00e4thet. IP69K-klassificeringen \u00e4r f\u00f6r applikationer d\u00e4r h\u00f6gt tryck och h\u00f6g temperaturtv\u00e4ttning anv\u00e4nds f\u00f6r att rena utrustningen. Denna testspecifikationen blev ursprungligen utvecklat f\u00f6r fordon, speciellt de som beh\u00f6ver regelbunden intensiv reng\u00f6ring, t.ex. sopbilar och cementblandare.<\/p>\n<p>Lamporna \u00e4r utrustade med en helt speciell tryckregulator p\u00e5 sidan som reglerar trycket inne i lampan och f\u00f6rhindrar kondensering i lamphuset. Detta f\u00f6rl\u00e4nger \u00e4ven lampans livstid betydligt i f\u00f6rh\u00e5llande till andra lampor.<\/p>\n<p>Kabelset f\u00f6ljer med i asken f\u00f6r koppling till 12v. Ifall den skall anv\u00e4ndas p\u00e5 24v anl\u00e4ggningar m\u00e5ste rele bytas ut till rele f\u00f6r 24v.<\/p>\n","protected":false},"excerpt":{"rendered":"<p>Ger mycket ljus, tar lite energi. 7380 lumen (1210 m kastl\u00e4ngd).<\/p>\n","protected":false},"featured_media":172,"template":"","meta":[],"product_brand":[],"product_cat":[33],"product_tag":[],"class_list":{"0":"post-589","1":"product","2":"type-product","3":"status-publish","4":"has-post-thumbnail","6":"product_cat-extraljus","7":"product_shipping_class-postpaket-m","9":"first","10":"instock","11":"taxable","12":"shipping-taxable","13":"purchasable","14":"product-type-simple"},"_links":{"self":[{"href":"https:\/\/laatufarmi.fi\/sv\/wp-json\/wp\/v2\/product\/589","targetHints":{"allow":["GET"]}}],"collection":[{"href":"https:\/\/laatufarmi.fi\/sv\/wp-json\/wp\/v2\/product"}],"about":[{"href":"https:\/\/laatufarmi.fi\/sv\/wp-json\/wp\/v2\/types\/product"}],"wp:featuredmedia":[{"embeddable":true,"href":"https:\/\/laatufarmi.fi\/sv\/wp-json\/wp\/v2\/media\/172"}],"wp:attachment":[{"href":"https:\/\/laatufarmi.fi\/sv\/wp-json\/wp\/v2\/media?parent=589"}],"wp:term":[{"taxonomy":"product_brand","embeddable":true,"href":"https:\/\/laatufarmi.fi\/sv\/wp-json\/wp\/v2\/product_brand?post=589"},{"taxonomy":"product_cat","embeddable":true,"href":"https:\/\/laatufarmi.fi\/sv\/wp-json\/wp\/v2\/product_cat?post=589"},{"taxonomy":"product_tag","embeddable":true,"href":"https:\/\/laatufarmi.fi\/sv\/wp-json\/wp\/v2\/product_tag?post=589"}],"curies":[{"name":"wp","href":"https:\/\/api.w.org\/{rel}","templated":true}]}}