{"id":587,"date":"2021-06-19T18:22:09","date_gmt":"2021-06-19T18:22:09","guid":{"rendered":"https:\/\/laatufarmi.fi\/tuote\/varmebalja-60-l-24-v-for-djur\/"},"modified":"2021-11-30T18:11:14","modified_gmt":"2021-11-30T16:11:14","slug":"varmebalja-60-l-24-v-for-djur","status":"publish","type":"product","link":"https:\/\/laatufarmi.fi\/sv\/produkt\/varmebalja-60-l-24-v-for-djur\/","title":{"rendered":"V\u00e4rmebalja 60 L 24 V F\u00f6r Djur"},"content":{"rendered":"<div id=\"ProductInfoTabs\" class=\"ui-tabs ui-widget ui-widget-content ui-corner-all epProductInfoTabs ep-js\" data-js=\"\">\n<div id=\"tab-product-description\" class=\"ui-tabs-panel ui-widget-content ui-corner-bottom\" role=\"tabpanel\" aria-labelledby=\"ui-id-1\" aria-hidden=\"false\">\n<div class=\"description\">\n<p><strong>V\u00e4rmebalja 24 V 60 L f\u00f6r djur<\/strong><\/p>\n<p>Vi har v\u00e4rmebaljor och v\u00e4rmesk\u00e5lar till h\u00e4star, boskapsdjur, husdjur och andra djur.<\/p>\n<p>Med dessa undviker du is och fruset vatten under vinter halv\u00e5ret.<\/p>\n<p>IP65 godk\u00e4nd<\/p>\n<p>Transformatorn har totalt 5 m kabel (installera s\u00e5 att djuren inte kan bita i kabeln eller transformatorn).<\/p>\n<p>Skyddsgaller som tillbeh\u00f6r.<\/p>\n<p>\u200b\u200bDet \u00e4r viktigt att kontrollera v\u00e4rmebaljorna varje dag. De b\u00f6r inte vara p\u00e5 utan vatten eftersom det kan f\u00f6rst\u00f6ra v\u00e4rmeelementet eller den inbyggda termostaten.<\/p>\n<\/div>\n<\/div>\n<\/div>\n<p><strong>V\u00e4rmebalja f\u00f6r h\u00e4st, f\u00e5r, g\u00e5rd 60 L 24 V<\/strong><\/p>\n<p>H\u00e4star tycker speciellt mycket om tempererat vatten, och dricker mera. Detta kan minska faran f\u00f6r kolik.<\/p>\n<p>Vi har v\u00e4rmebaljor fr\u00e5n 3 liter till 60 liter. B\u00e5de 20 liter och 60 liter \u00e4r en favorit till f\u00e5r, storboskap och h\u00e4star. 3 liter passar till mindre djur s\u00e5som hundar. Baljorna levereras med transformator och kan kopplas direkt i eluttag.<\/p>\n<p>Alla v\u00e5ra transformatorer \u00e4r IP68 godk\u00e4nda.<br \/>\n60 L baljan \u00e4r IP65 godk\u00e4nd och kan d\u00e4rf\u00f6r st\u00e5 under bar himmel.<\/p>\n","protected":false},"excerpt":{"rendered":"<p>V\u00e4rmebalja 60L 24V f\u00f6r djur. H\u00e5ller vattnet sm\u00e4lt ner till -20 grader.<\/p>\n","protected":false},"featured_media":2206,"template":"","meta":[],"product_brand":[],"product_cat":[34],"product_tag":[],"class_list":{"0":"post-587","1":"product","2":"type-product","3":"status-publish","4":"has-post-thumbnail","6":"product_cat-varmebaljor","7":"product_shipping_class-postpaket-l","9":"first","10":"instock","11":"taxable","12":"shipping-taxable","13":"purchasable","14":"product-type-simple"},"_links":{"self":[{"href":"https:\/\/laatufarmi.fi\/sv\/wp-json\/wp\/v2\/product\/587","targetHints":{"allow":["GET"]}}],"collection":[{"href":"https:\/\/laatufarmi.fi\/sv\/wp-json\/wp\/v2\/product"}],"about":[{"href":"https:\/\/laatufarmi.fi\/sv\/wp-json\/wp\/v2\/types\/product"}],"wp:featuredmedia":[{"embeddable":true,"href":"https:\/\/laatufarmi.fi\/sv\/wp-json\/wp\/v2\/media\/2206"}],"wp:attachment":[{"href":"https:\/\/laatufarmi.fi\/sv\/wp-json\/wp\/v2\/media?parent=587"}],"wp:term":[{"taxonomy":"product_brand","embeddable":true,"href":"https:\/\/laatufarmi.fi\/sv\/wp-json\/wp\/v2\/product_brand?post=587"},{"taxonomy":"product_cat","embeddable":true,"href":"https:\/\/laatufarmi.fi\/sv\/wp-json\/wp\/v2\/product_cat?post=587"},{"taxonomy":"product_tag","embeddable":true,"href":"https:\/\/laatufarmi.fi\/sv\/wp-json\/wp\/v2\/product_tag?post=587"}],"curies":[{"name":"wp","href":"https:\/\/api.w.org\/{rel}","templated":true}]}}