{"id":494,"date":"2021-07-15T11:17:29","date_gmt":"2021-07-15T11:17:29","guid":{"rendered":"https:\/\/laatufarmi.fi\/tuote\/hss-halfras-till-magnetborrmaskin-12-42-mm-30-mm-borrdjup\/"},"modified":"2021-07-20T17:13:40","modified_gmt":"2021-07-20T17:13:40","slug":"hss-halfras-till-magnetborrmaskin-12-42-mm-30-mm-borrdjup","status":"publish","type":"product","link":"https:\/\/laatufarmi.fi\/sv\/produkt\/hss-halfras-till-magnetborrmaskin-12-42-mm-30-mm-borrdjup\/","title":{"rendered":"HSS H\u00e5lfr\u00e4s Till Magnetborrmaskin 12-42 mm, 30 mm Borrdjup"},"content":{"rendered":"<h4><div class=\"video video-fit mb\" style=\"padding-top:56.25%;\"><p><iframe loading=\"lazy\" title=\"VEP Poranter\u00e4 - kest\u00e4v\u00e4mpi, tehokkaampi, nopeampi\" width=\"1020\" height=\"574\" src=\"https:\/\/www.youtube.com\/embed\/fvrLq11vMYI?feature=oembed\" frameborder=\"0\" allow=\"accelerometer; autoplay; clipboard-write; encrypted-media; gyroscope; picture-in-picture\" allowfullscreen><\/iframe><\/p>\n<\/div>\nHSS H\u00e5lfr\u00e4s till magnetborrmaskiner med weldon 19mm f\u00e4ste.<\/h4>\n<h4><strong>H\u00e5lfr\u00e4s \u00e4r det \u00f6verl\u00e4gset snabbaste s\u00e4ttet att borra h\u00e5l i st\u00e5l och metall. De fungerar \u00e4ven bra i glasfiber, plast, gummi och rostfritt st\u00e5l. Ingen f\u00f6rborrning beh\u00f6vs utan du kan borra direkt utan problem.<\/strong><\/h4>\n<p>Ta kontakt om du anv\u00e4nder mycket h\u00e5lfr\u00e4s f\u00f6r att f\u00e5 bra erbjudande och avtal.<\/p>\n<p>Vi levererar h\u00e5lfr\u00e4s i alla storlekar fr\u00e5n \u00d8 12 mm och upp\u00e5t. Borrdjup 30, 50, 100 och 120mm<\/p>\n<p>H\u00e5lfr\u00e4s passar bla. i f\u00f6ljande maskiner: Euroboor, Luna, Metabo, MB, Makita, Dewalt, BDS, Rotabroach, BMD, Milwaukee och Promotech.<\/p>\n<p>Hittar du inte storleken du s\u00f6ker? Ta kontakt s\u00e5 l\u00f6ser vi det!<\/p>\n<p><strong>Du m\u00e4rkte v\u00e4l att vi ocks\u00e5 har ett brett utbud av magnetborrmaskiner!<\/strong><\/p>\n","protected":false},"excerpt":{"rendered":"<p>F\u00f6r borrning i st\u00e5l, aluminium, plast, rostfritt st\u00e5l och j\u00e4rn. G\u00e5r till st\u00e5l med materialh\u00e5rdhet upp till 700N\/mm2.<\/p>\n","protected":false},"featured_media":489,"template":"","meta":[],"product_brand":[],"product_cat":[36],"product_tag":[],"class_list":{"0":"post-494","1":"product","2":"type-product","3":"status-publish","4":"has-post-thumbnail","6":"product_cat-borrar-och-halborrar","7":"product_shipping_class-postpaket-s","9":"first","10":"instock","11":"taxable","12":"shipping-taxable","13":"purchasable","14":"product-type-variable"},"_links":{"self":[{"href":"https:\/\/laatufarmi.fi\/sv\/wp-json\/wp\/v2\/product\/494","targetHints":{"allow":["GET"]}}],"collection":[{"href":"https:\/\/laatufarmi.fi\/sv\/wp-json\/wp\/v2\/product"}],"about":[{"href":"https:\/\/laatufarmi.fi\/sv\/wp-json\/wp\/v2\/types\/product"}],"wp:featuredmedia":[{"embeddable":true,"href":"https:\/\/laatufarmi.fi\/sv\/wp-json\/wp\/v2\/media\/489"}],"wp:attachment":[{"href":"https:\/\/laatufarmi.fi\/sv\/wp-json\/wp\/v2\/media?parent=494"}],"wp:term":[{"taxonomy":"product_brand","embeddable":true,"href":"https:\/\/laatufarmi.fi\/sv\/wp-json\/wp\/v2\/product_brand?post=494"},{"taxonomy":"product_cat","embeddable":true,"href":"https:\/\/laatufarmi.fi\/sv\/wp-json\/wp\/v2\/product_cat?post=494"},{"taxonomy":"product_tag","embeddable":true,"href":"https:\/\/laatufarmi.fi\/sv\/wp-json\/wp\/v2\/product_tag?post=494"}],"curies":[{"name":"wp","href":"https:\/\/api.w.org\/{rel}","templated":true}]}}