{"id":452,"date":"2021-07-15T10:12:44","date_gmt":"2021-07-15T10:12:44","guid":{"rendered":"https:\/\/laatufarmi.fi\/tuote\/halborrserie-halfras-handborrmaskin-8-20-mm\/"},"modified":"2021-07-15T10:20:57","modified_gmt":"2021-07-15T10:20:57","slug":"halborrserie-halfras-handborrmaskin-8-20-mm","status":"publish","type":"product","link":"https:\/\/laatufarmi.fi\/sv\/produkt\/halborrserie-halfras-handborrmaskin-8-20-mm\/","title":{"rendered":"H\u00e5lborrserie, H\u00e5lfr\u00e4s Handborrmaskin 8-20 mm"},"content":{"rendered":"<p>Minih\u00e5lfr\u00e4s \u00e4r en l\u00e4mplig modell f\u00f6r handborrmaskiner. De \u00e4r de \u00f6verl\u00e4gset snabbaste och mest h\u00e5llbara borrarna f\u00f6r borrning av h\u00e5l. Du borrar \u00e4ven stora h\u00e5l i h\u00e5rt material snabbt och enkelt.<\/p>\n<p>Minih\u00e5rlfr\u00e4sen \u00e4r l\u00e4mplig f\u00f6r: borrning av st\u00e5l, aluminium, plast och till och med gummi.<\/p>\n<p>H\u00e5lfr\u00e4sen kan anv\u00e4ndas f\u00f6r st\u00e5l med en materialh\u00e5rdhet p\u00e5 upp till 700N \/ mm2.<\/p>\n<p>Minih\u00e5lfr\u00e4sen \u00e4r v\u00e4ldigt popul\u00e4r bland elektriker och metallarbetare eftersom den sparar tid och klarar i princip alla material.<\/p>\n<p>Titta p\u00e5 videon:<\/p>\n<div class=\"nv-iframe-embed\"><iframe loading=\"lazy\" title=\"VEH K\u00c4SIPORA PORANTER\u00c4, PAREMPI, KEST\u00c4V\u00c4MPI - N\u00c4ET ERON\" src=\"https:\/\/www.youtube.com\/embed\/2REKCOCc_-0?feature=oembed\" width=\"1200\" height=\"675\" frameborder=\"0\" allowfullscreen=\"allowfullscreen\" data-mce-fragment=\"1\"><\/iframe><\/div>\n<p>&nbsp;<\/p>\n<p>H\u00e5lfr\u00e4sar f\u00f6r handborrmaskiner<\/p>\n<p>Serien inneh\u00e5ller:<\/p>\n<ul>\n<li>Fr\u00e4sar med diametrar 8,10,12,14,16,18 och 20 mm<\/li>\n<li>10mm f\u00e4ste<\/li>\n<li>Stopplatta<\/li>\n<li>Stift<\/li>\n<li>Insexnyckel<\/li>\n<\/ul>\n<p>Med minih\u00e5lfr\u00e4sen kan du snabbt och enkelt borra tunnare st\u00e5l och metall (upp till 10 mm). Den fungerar ocks\u00e5 f\u00f6r borrning av glasfiber, plast, gummi och rostfritt st\u00e5l.<\/p>\n<p>Med en vanlig handborr kan du borra h\u00e5l upp till \u00d8 35 mm utan f\u00f6rborrning! P\u00e5 grund av borrens form borrar du upp till tre g\u00e5nger snabbare och bladet f\u00f6rblir skarpt mycket l\u00e4ngre \u00e4n en traditionell metallborr.<\/p>\n<p>Mini-borrserien levereras med ett 10 mm f\u00e4ste. Borrkronor finns i storlekar\u00a0\u00d8 6 mm \u2013 \u00d8 35 mm.<\/p>\n","protected":false},"excerpt":{"rendered":"<p>H\u00e5lfr\u00e4sar f\u00f6r handborrar.<\/p>\n<p>Satsen inneh\u00e5ller: Fr\u00e4sar med diametrar 8,10,12,14,16,18 och 20 mm,<\/p>\n<p>10 mm f\u00e4ste, stoppplatta, stift och insexnyckel.<\/p>\n","protected":false},"featured_media":449,"template":"","meta":[],"product_brand":[],"product_cat":[36],"product_tag":[],"class_list":{"0":"post-452","1":"product","2":"type-product","3":"status-publish","4":"has-post-thumbnail","6":"product_cat-borrar-och-halborrar","7":"product_shipping_class-postpaket-s","9":"first","10":"instock","11":"taxable","12":"shipping-taxable","13":"purchasable","14":"product-type-simple"},"_links":{"self":[{"href":"https:\/\/laatufarmi.fi\/sv\/wp-json\/wp\/v2\/product\/452","targetHints":{"allow":["GET"]}}],"collection":[{"href":"https:\/\/laatufarmi.fi\/sv\/wp-json\/wp\/v2\/product"}],"about":[{"href":"https:\/\/laatufarmi.fi\/sv\/wp-json\/wp\/v2\/types\/product"}],"wp:featuredmedia":[{"embeddable":true,"href":"https:\/\/laatufarmi.fi\/sv\/wp-json\/wp\/v2\/media\/449"}],"wp:attachment":[{"href":"https:\/\/laatufarmi.fi\/sv\/wp-json\/wp\/v2\/media?parent=452"}],"wp:term":[{"taxonomy":"product_brand","embeddable":true,"href":"https:\/\/laatufarmi.fi\/sv\/wp-json\/wp\/v2\/product_brand?post=452"},{"taxonomy":"product_cat","embeddable":true,"href":"https:\/\/laatufarmi.fi\/sv\/wp-json\/wp\/v2\/product_cat?post=452"},{"taxonomy":"product_tag","embeddable":true,"href":"https:\/\/laatufarmi.fi\/sv\/wp-json\/wp\/v2\/product_tag?post=452"}],"curies":[{"name":"wp","href":"https:\/\/api.w.org\/{rel}","templated":true}]}}