{"id":446,"date":"2021-07-15T10:00:06","date_gmt":"2021-07-15T10:00:06","guid":{"rendered":"https:\/\/laatufarmi.fi\/tuote\/skyddsgaller-60l\/"},"modified":"2021-11-30T18:08:17","modified_gmt":"2021-11-30T16:08:17","slug":"skyddsgaller-60l","status":"publish","type":"product","link":"https:\/\/laatufarmi.fi\/sv\/produkt\/skyddsgaller-60l\/","title":{"rendered":"Skyddsgaller till v\u00e4rmebalja 60L"},"content":{"rendered":"<p>Skyddsgaller f\u00f6r 60 L v\u00e4rmebalja.<\/p>\n","protected":false},"excerpt":{"rendered":"<p>Galler till 60L v\u00e4rmebalja.<\/p>\n","protected":false},"featured_media":443,"template":"","meta":[],"product_brand":[],"product_cat":[34],"product_tag":[],"class_list":{"0":"post-446","1":"product","2":"type-product","3":"status-publish","4":"has-post-thumbnail","6":"product_cat-varmebaljor","7":"product_shipping_class-postpaket-l","9":"first","10":"outofstock","11":"taxable","12":"shipping-taxable","13":"purchasable","14":"product-type-simple"},"_links":{"self":[{"href":"https:\/\/laatufarmi.fi\/sv\/wp-json\/wp\/v2\/product\/446","targetHints":{"allow":["GET"]}}],"collection":[{"href":"https:\/\/laatufarmi.fi\/sv\/wp-json\/wp\/v2\/product"}],"about":[{"href":"https:\/\/laatufarmi.fi\/sv\/wp-json\/wp\/v2\/types\/product"}],"wp:featuredmedia":[{"embeddable":true,"href":"https:\/\/laatufarmi.fi\/sv\/wp-json\/wp\/v2\/media\/443"}],"wp:attachment":[{"href":"https:\/\/laatufarmi.fi\/sv\/wp-json\/wp\/v2\/media?parent=446"}],"wp:term":[{"taxonomy":"product_brand","embeddable":true,"href":"https:\/\/laatufarmi.fi\/sv\/wp-json\/wp\/v2\/product_brand?post=446"},{"taxonomy":"product_cat","embeddable":true,"href":"https:\/\/laatufarmi.fi\/sv\/wp-json\/wp\/v2\/product_cat?post=446"},{"taxonomy":"product_tag","embeddable":true,"href":"https:\/\/laatufarmi.fi\/sv\/wp-json\/wp\/v2\/product_tag?post=446"}],"curies":[{"name":"wp","href":"https:\/\/api.w.org\/{rel}","templated":true}]}}