{"id":440,"date":"2021-07-15T09:52:09","date_gmt":"2021-07-15T06:52:09","guid":{"rendered":"https:\/\/laatufarmi.fi\/tuote\/uppvarmd-drickkopp-3-l-24-v\/"},"modified":"2021-11-30T18:09:19","modified_gmt":"2021-11-30T16:09:19","slug":"uppvarmd-drickkopp-3-l-24-v","status":"publish","type":"product","link":"https:\/\/laatufarmi.fi\/sv\/produkt\/uppvarmd-drickkopp-3-l-24-v\/","title":{"rendered":"Uppv\u00e4rmd Drickkopp 3 L 24 V"},"content":{"rendered":"<div id=\"ProductInfoTabs\" class=\"ui-tabs ui-widget ui-widget-content ui-corner-all epProductInfoTabs ep-js\" data-js=\"\">\n<div id=\"tab-product-description\" class=\"ui-tabs-panel ui-widget-content ui-corner-bottom\" role=\"tabpanel\" aria-labelledby=\"ui-id-1\" aria-hidden=\"false\">\n<div class=\"description\">\n<p><strong>V\u00e4rmesk\u00e5l 3 L 24 V.<\/strong><\/p>\n<ul>\n<li>Sj\u00e4lvjusterande v\u00e4rmefolie 24V<\/li>\n<li>3 liter<\/li>\n<li>H\u00e5ller sm\u00e4lt vatten till cirka -20 grader<\/li>\n<\/ul>\n<p>Rekommenderas f\u00f6r sm\u00e5 djur, t.ex. ankor, kycklingar, vuxna hundar och katter.<\/p>\n<p>\u200b\u200bDet \u00e4r viktigt att kontrollera v\u00e4rmebaljorna varje dag. De b\u00f6r inte vara p\u00e5 utan vatten eftersom detta kan f\u00f6rst\u00f6ra v\u00e4rmeelementet eller den inbyggda termostaten.<\/p>\n<\/div>\n<\/div>\n<\/div>\n<p>En v\u00e4rmebalja \u00e4r ett enkelt och s\u00e4kert s\u00e4tt att se till att djur alltid har tillg\u00e5ng till f\u00e4rskt och varmt vatten.<\/p>\n<p><strong>Vi har ocks\u00e5 v\u00e4rmebaljor f\u00f6r h\u00e4star, n\u00f6tkreatur och f\u00e5r.<\/strong><\/p>\n<p>Baljornas storlek \u00e4r 3, 20 och 60 liter. 20 och 60 liters baljorna \u00e4r popul\u00e4ra som dryckesbeh\u00e5llare f\u00f6r n\u00f6tkreatur, h\u00e4star och f\u00e5r, till exempel p\u00e5 g\u00e5rden.<\/p>\n<p>Baljorna levereras med transformator och kan kopplas direkt i eluttag.<\/p>\n<p>Alla v\u00e5ra transformatorer \u00e4r IP68-godk\u00e4nda.<\/p>\n<p>Uppv\u00e4rmningsk\u00e4rlet p\u00e5 60 liter \u00e4r IP65-godk\u00e4nt och kan d\u00e4rf\u00f6r anv\u00e4ndas utomhus.<\/p>\n","protected":false},"excerpt":{"rendered":"<p>Uppv\u00e4rmd drickkopp 3L 24V.\u00a0H\u00e5ller sm\u00e4lt vatten till cirka -20 grader.<\/p>\n","protected":false},"featured_media":439,"template":"","meta":[],"product_brand":[],"product_cat":[34],"product_tag":[],"class_list":{"0":"post-440","1":"product","2":"type-product","3":"status-publish","4":"has-post-thumbnail","6":"product_cat-varmebaljor","7":"product_shipping_class-postpaket-s","9":"first","10":"instock","11":"taxable","12":"shipping-taxable","13":"purchasable","14":"product-type-simple"},"_links":{"self":[{"href":"https:\/\/laatufarmi.fi\/sv\/wp-json\/wp\/v2\/product\/440","targetHints":{"allow":["GET"]}}],"collection":[{"href":"https:\/\/laatufarmi.fi\/sv\/wp-json\/wp\/v2\/product"}],"about":[{"href":"https:\/\/laatufarmi.fi\/sv\/wp-json\/wp\/v2\/types\/product"}],"wp:featuredmedia":[{"embeddable":true,"href":"https:\/\/laatufarmi.fi\/sv\/wp-json\/wp\/v2\/media\/439"}],"wp:attachment":[{"href":"https:\/\/laatufarmi.fi\/sv\/wp-json\/wp\/v2\/media?parent=440"}],"wp:term":[{"taxonomy":"product_brand","embeddable":true,"href":"https:\/\/laatufarmi.fi\/sv\/wp-json\/wp\/v2\/product_brand?post=440"},{"taxonomy":"product_cat","embeddable":true,"href":"https:\/\/laatufarmi.fi\/sv\/wp-json\/wp\/v2\/product_cat?post=440"},{"taxonomy":"product_tag","embeddable":true,"href":"https:\/\/laatufarmi.fi\/sv\/wp-json\/wp\/v2\/product_tag?post=440"}],"curies":[{"name":"wp","href":"https:\/\/api.w.org\/{rel}","templated":true}]}}