{"id":436,"date":"2021-07-15T09:32:44","date_gmt":"2021-07-15T06:32:44","guid":{"rendered":"https:\/\/laatufarmi.fi\/tuote\/varmebalja-for-djur-20-l-24-v\/"},"modified":"2021-11-30T18:10:25","modified_gmt":"2021-11-30T16:10:25","slug":"varmebalja-for-djur-20-l-24-v","status":"publish","type":"product","link":"https:\/\/laatufarmi.fi\/sv\/produkt\/varmebalja-for-djur-20-l-24-v\/","title":{"rendered":"V\u00e4rmebalja F\u00f6r Djur 20 L 24 V"},"content":{"rendered":"<div id=\"ProductInfoTabs\" class=\"ui-tabs ui-widget ui-widget-content ui-corner-all epProductInfoTabs ep-js\" data-js=\"\">\n<div id=\"tab-product-description\" class=\"ui-tabs-panel ui-widget-content ui-corner-bottom\" role=\"tabpanel\" aria-labelledby=\"ui-id-1\" aria-hidden=\"false\">\n<div class=\"description\">\n<p><strong>V\u00e4rmebalja 20 L f\u00f6r djur 24 V<\/strong><\/p>\n<p>Vi har v\u00e4rmebaljor och v\u00e4rmesk\u00e5lar till h\u00e4star, boskapsdjur, husdjur och andra djur.<\/p>\n<p>H\u00e5ller vattnet sm\u00e4lt ner till -20 grader.<\/p>\n<p>\u200b\u200bDet \u00e4r viktigt att kontrollera v\u00e4rmebaljorna varje dag. De b\u00f6r inte vara p\u00e5 utan vatten eftersom det kan f\u00f6rst\u00f6ra v\u00e4rmeelementet eller den inbyggda termostaten.<\/p>\n<\/div>\n<\/div>\n<\/div>\n<p>20 liter v\u00e4rmebaljan \u00e4r l\u00e4mplig f\u00f6r h\u00e4star, f\u00e5r och \u00f6vriga g\u00e5rdsdjur.<\/p>\n<p>En v\u00e4rmebalja \u00e4r det b\u00e4sta och enklaste s\u00e4ttet att se till att djuren alltid har tillg\u00e5ng till f\u00e4rskt och l\u00e4mpligt varmt vatten p\u00e5 vintern.<\/p>\n<p><strong>H\u00e4star tycker speciellt mycket om tempererat vatten, och dricker mera. Detta kan minska faran f\u00f6r kolik.<\/strong><\/p>\n<p>Vi har varmebaljor fr\u00e5n 3 liter till 60 liter. B\u00e5de 20 liter och 60 liter \u00e4r en favorit till f\u00e5r, storboskap och h\u00e4star. 3 liter passar till mindre djur s\u00e5som hundar.<\/p>\n<p>Baljorna levereras med transformator och kan kopplas direkt i eluttag.<\/p>\n<p>Alla v\u00e5ra transformatorer \u00e4r IP68 godk\u00e4nda.<\/p>\n<p>20 L baljan \u00e4r IP65 godk\u00e4nd och kan d\u00e4rf\u00f6r st\u00e5 under bar himmel.<\/p>\n","protected":false},"excerpt":{"rendered":"<p>V\u00e4rmebalja 20L 24V. H\u00e5ller vattnet isfritt ner till -20 grader.<\/p>\n","protected":false},"featured_media":433,"template":"","meta":[],"product_brand":[],"product_cat":[34],"product_tag":[],"class_list":{"0":"post-436","1":"product","2":"type-product","3":"status-publish","4":"has-post-thumbnail","6":"product_cat-varmebaljor","7":"product_shipping_class-postpaket-l","9":"first","10":"instock","11":"sale","12":"taxable","13":"shipping-taxable","14":"purchasable","15":"product-type-simple"},"_links":{"self":[{"href":"https:\/\/laatufarmi.fi\/sv\/wp-json\/wp\/v2\/product\/436","targetHints":{"allow":["GET"]}}],"collection":[{"href":"https:\/\/laatufarmi.fi\/sv\/wp-json\/wp\/v2\/product"}],"about":[{"href":"https:\/\/laatufarmi.fi\/sv\/wp-json\/wp\/v2\/types\/product"}],"wp:featuredmedia":[{"embeddable":true,"href":"https:\/\/laatufarmi.fi\/sv\/wp-json\/wp\/v2\/media\/433"}],"wp:attachment":[{"href":"https:\/\/laatufarmi.fi\/sv\/wp-json\/wp\/v2\/media?parent=436"}],"wp:term":[{"taxonomy":"product_brand","embeddable":true,"href":"https:\/\/laatufarmi.fi\/sv\/wp-json\/wp\/v2\/product_brand?post=436"},{"taxonomy":"product_cat","embeddable":true,"href":"https:\/\/laatufarmi.fi\/sv\/wp-json\/wp\/v2\/product_cat?post=436"},{"taxonomy":"product_tag","embeddable":true,"href":"https:\/\/laatufarmi.fi\/sv\/wp-json\/wp\/v2\/product_tag?post=436"}],"curies":[{"name":"wp","href":"https:\/\/api.w.org\/{rel}","templated":true}]}}