{"id":384,"date":"2021-07-07T11:28:40","date_gmt":"2021-07-07T11:28:40","guid":{"rendered":"https:\/\/laatufarmi.fi\/tuote\/omega-plathall-6-8-meter\/"},"modified":"2021-07-07T11:37:12","modified_gmt":"2021-07-07T11:37:12","slug":"omega-plathall-6-8-meter","status":"publish","type":"product","link":"https:\/\/laatufarmi.fi\/sv\/produkt\/omega-plathall-6-8-meter\/","title":{"rendered":"Omega Pl\u00e5thall 6-8 Meter"},"content":{"rendered":"<p><strong>Omega pl\u00e5thall bredd 6-8 meter<\/strong><\/p>\n<p>Normal sn\u00f6belastning: 450 kg \/ kvm. Vindlast: 28 sek. M\u00f6jligt att f\u00f6rb\u00e4ttra.<\/p>\n","protected":false},"excerpt":{"rendered":"<p>OMEGA \u00e4r en enkel pl\u00e5thall, 6 eller 8 m bred, som t\u00e5l 450 kg sn\u00f6 \/ m2. Best\u00e4llningsprodukt.<\/p>\n<p>Ta kontakt: 050-5337230 \/ tilaus@laatufarmi.fi<\/p>\n","protected":false},"featured_media":383,"template":"","meta":[],"product_brand":[],"product_cat":[32],"product_tag":[],"class_list":{"0":"post-384","1":"product","2":"type-product","3":"status-publish","4":"has-post-thumbnail","6":"product_cat-hallar","8":"first","9":"instock","10":"taxable","11":"shipping-taxable","12":"product-type-external"},"_links":{"self":[{"href":"https:\/\/laatufarmi.fi\/sv\/wp-json\/wp\/v2\/product\/384","targetHints":{"allow":["GET"]}}],"collection":[{"href":"https:\/\/laatufarmi.fi\/sv\/wp-json\/wp\/v2\/product"}],"about":[{"href":"https:\/\/laatufarmi.fi\/sv\/wp-json\/wp\/v2\/types\/product"}],"wp:featuredmedia":[{"embeddable":true,"href":"https:\/\/laatufarmi.fi\/sv\/wp-json\/wp\/v2\/media\/383"}],"wp:attachment":[{"href":"https:\/\/laatufarmi.fi\/sv\/wp-json\/wp\/v2\/media?parent=384"}],"wp:term":[{"taxonomy":"product_brand","embeddable":true,"href":"https:\/\/laatufarmi.fi\/sv\/wp-json\/wp\/v2\/product_brand?post=384"},{"taxonomy":"product_cat","embeddable":true,"href":"https:\/\/laatufarmi.fi\/sv\/wp-json\/wp\/v2\/product_cat?post=384"},{"taxonomy":"product_tag","embeddable":true,"href":"https:\/\/laatufarmi.fi\/sv\/wp-json\/wp\/v2\/product_tag?post=384"}],"curies":[{"name":"wp","href":"https:\/\/api.w.org\/{rel}","templated":true}]}}