{"id":380,"date":"2021-07-07T11:20:01","date_gmt":"2021-07-07T11:20:01","guid":{"rendered":"https:\/\/laatufarmi.fi\/tuote\/veh-halborr-minihalsfras-serie-for-handborr-6-25-mm\/"},"modified":"2021-07-15T11:03:26","modified_gmt":"2021-07-15T11:03:26","slug":"veh-halborr-minihalsfras-serie-for-handborr-6-25-mm","status":"publish","type":"product","link":"https:\/\/laatufarmi.fi\/sv\/produkt\/veh-halborr-minihalsfras-serie-for-handborr-6-25-mm\/","title":{"rendered":"H\u00e5lborr, Minih\u00e5lsfr\u00e4s Serie F\u00f6r Handborr 6-25 Mm"},"content":{"rendered":"<p>Minih\u00e5lfr\u00e4s \u00e4r en l\u00e4mplig modell f\u00f6r handborrmaskin. H\u00e5lfr\u00e4sen \u00e4r den \u00f6verl\u00e4gset snabbaste och mest h\u00e5llbara borren f\u00f6r borrning av h\u00e5l. Du borrar \u00e4ven stora h\u00e5l i h\u00e5rt material snabbt och enkelt.<\/p>\n<p>Minih\u00e5lfr\u00e4sen \u00e4r l\u00e4mplig f\u00f6r: borrning av st\u00e5l, aluminium, plast och till och med gummi.<\/p>\n<p>Borren kan anv\u00e4ndas f\u00f6r st\u00e5l med en materialh\u00e5rdhet p\u00e5 upp till 700N \/ mm2.<\/p>\n<p>Minih\u00e5lfr\u00e4s har varit v\u00e4ldigt popul\u00e4r bland elektriker och metallarbetare.<\/p>\n","protected":false},"excerpt":{"rendered":"<p>H\u00e5lfr\u00e4s f\u00f6r handborrmaskiner.<\/p>\n<p>Satsen inneh\u00e5ller: Fr\u00e4sar med diametrar 6, 7, 8, 9, 10, 11, 12, 13, 14, 15, 16, 17, 18, 19, 20, 21, 22, 23, 24 och 25 mm, <span style=\"font-size: 14.4px;\">10 och 13 mm f\u00e4ste, stopplattor, stift och insexnyckel<\/span><\/p>\n<p>Borrdjup: 6,35 och 12 mm<\/p>\n","protected":false},"featured_media":378,"template":"","meta":[],"product_brand":[],"product_cat":[36],"product_tag":[],"class_list":{"0":"post-380","1":"product","2":"type-product","3":"status-publish","4":"has-post-thumbnail","6":"product_cat-borrar-och-halborrar","7":"product_shipping_class-postpaket-s","9":"first","10":"instock","11":"taxable","12":"shipping-taxable","13":"purchasable","14":"product-type-simple"},"_links":{"self":[{"href":"https:\/\/laatufarmi.fi\/sv\/wp-json\/wp\/v2\/product\/380","targetHints":{"allow":["GET"]}}],"collection":[{"href":"https:\/\/laatufarmi.fi\/sv\/wp-json\/wp\/v2\/product"}],"about":[{"href":"https:\/\/laatufarmi.fi\/sv\/wp-json\/wp\/v2\/types\/product"}],"wp:featuredmedia":[{"embeddable":true,"href":"https:\/\/laatufarmi.fi\/sv\/wp-json\/wp\/v2\/media\/378"}],"wp:attachment":[{"href":"https:\/\/laatufarmi.fi\/sv\/wp-json\/wp\/v2\/media?parent=380"}],"wp:term":[{"taxonomy":"product_brand","embeddable":true,"href":"https:\/\/laatufarmi.fi\/sv\/wp-json\/wp\/v2\/product_brand?post=380"},{"taxonomy":"product_cat","embeddable":true,"href":"https:\/\/laatufarmi.fi\/sv\/wp-json\/wp\/v2\/product_cat?post=380"},{"taxonomy":"product_tag","embeddable":true,"href":"https:\/\/laatufarmi.fi\/sv\/wp-json\/wp\/v2\/product_tag?post=380"}],"curies":[{"name":"wp","href":"https:\/\/api.w.org\/{rel}","templated":true}]}}