{"id":369,"date":"2021-06-23T07:53:40","date_gmt":"2021-06-23T07:53:40","guid":{"rendered":"https:\/\/laatufarmi.fi\/tuote\/magnetborr-eco-32\/"},"modified":"2021-07-20T10:17:31","modified_gmt":"2021-07-20T10:17:31","slug":"magnetborr-eco-32","status":"publish","type":"product","link":"https:\/\/laatufarmi.fi\/sv\/produkt\/magnetborr-eco-32\/","title":{"rendered":"Magnetborrmaskin ECO.32"},"content":{"rendered":"<div id=\"ProductInfoTabs\" class=\"ui-tabs ui-widget ui-widget-content ui-corner-all epProductInfoTabs ep-js\" data-js=\"\">\n<div id=\"tab-product-description\" class=\"ui-tabs-panel ui-widget-content ui-corner-bottom\" role=\"tabpanel\" aria-labelledby=\"ui-id-1\" aria-hidden=\"false\">\n<div class=\"description\">\n<p>ECO.32 Magnetisk borrmaskin<\/p>\n<p>H\u00e5lfr\u00e4sar: \u00d812-32mm<br \/>\nG\u00e4ngborr: \u00d81-13mm<br \/>\nF\u00f6rdjupning: \u00d810-25mm<br \/>\nTr\u00e5dar: M2-M12<br \/>\nStorlek: 255x210x370-512mm<br \/>\nVikt: 12 kg<br \/>\nSlagl\u00e4ngd: 150 mm<br \/>\nMagnetstorlek: 160x80x42<br \/>\nMagnetisk effekt: 1500 kg<br \/>\nMotor: 1000W<br \/>\nHastighet: 775 rpm utan belastning. Lastad vid 400r \/ min<br \/>\nF\u00e4ste: 19 mm svets 3\/4<\/p>\n<p>Denna produkt finns inte i lager. Leveranstiden kan d\u00e4rf\u00f6r bli l\u00e4ngre<\/p>\n<\/div>\n<\/div>\n<\/div>\n<p><span class=\"AlsoBrowseThisCat\">Utforska denna kategori: Magnetborrmaskiner<\/span><\/p>\n","protected":false},"excerpt":{"rendered":"<p>Kompakt och l\u00e4tt magnetborrmaskin f\u00f6r h\u00e5lfr\u00e4s. BEST\u00c4LLNINGSPRODUKT. Ta kontakt om du vill best\u00e4lla:<\/p>\n<p>tilaus@laatufarmi.fi, 050-5337230<\/p>\n","protected":false},"featured_media":175,"template":"","meta":[],"product_brand":[],"product_cat":[35],"product_tag":[],"class_list":{"0":"post-369","1":"product","2":"type-product","3":"status-publish","4":"has-post-thumbnail","6":"product_cat-magnetborrmaskiner","8":"first","9":"instock","10":"taxable","11":"shipping-taxable","12":"product-type-external"},"_links":{"self":[{"href":"https:\/\/laatufarmi.fi\/sv\/wp-json\/wp\/v2\/product\/369","targetHints":{"allow":["GET"]}}],"collection":[{"href":"https:\/\/laatufarmi.fi\/sv\/wp-json\/wp\/v2\/product"}],"about":[{"href":"https:\/\/laatufarmi.fi\/sv\/wp-json\/wp\/v2\/types\/product"}],"wp:featuredmedia":[{"embeddable":true,"href":"https:\/\/laatufarmi.fi\/sv\/wp-json\/wp\/v2\/media\/175"}],"wp:attachment":[{"href":"https:\/\/laatufarmi.fi\/sv\/wp-json\/wp\/v2\/media?parent=369"}],"wp:term":[{"taxonomy":"product_brand","embeddable":true,"href":"https:\/\/laatufarmi.fi\/sv\/wp-json\/wp\/v2\/product_brand?post=369"},{"taxonomy":"product_cat","embeddable":true,"href":"https:\/\/laatufarmi.fi\/sv\/wp-json\/wp\/v2\/product_cat?post=369"},{"taxonomy":"product_tag","embeddable":true,"href":"https:\/\/laatufarmi.fi\/sv\/wp-json\/wp\/v2\/product_tag?post=369"}],"curies":[{"name":"wp","href":"https:\/\/api.w.org\/{rel}","templated":true}]}}