{"id":1469,"date":"2021-11-30T17:56:11","date_gmt":"2021-11-30T15:56:11","guid":{"rendered":"https:\/\/laatufarmi.fi\/tuote\/omvandlare-till-varmebalja\/"},"modified":"2021-12-06T10:15:51","modified_gmt":"2021-12-06T08:15:51","slug":"omvandlare-till-varmebalja","status":"publish","type":"product","link":"https:\/\/laatufarmi.fi\/sv\/produkt\/omvandlare-till-varmebalja\/","title":{"rendered":"Omvandlare till v\u00e4rmebalja"},"content":{"rendered":"<p>Omvandlare med sladd \u00e4r totalt 5m l\u00e5ng. OBS! Vid k\u00f6p av v\u00e4rmebalja f\u00f6ljer en omvandlare med. Endast generation 3 omvandlare kan k\u00f6pas h\u00e4r.<\/p>\n","protected":false},"excerpt":{"rendered":"<p>Omvandlare till 60L, 20L och 3L v\u00e4rmebaljor. V\u00e4lj omvandlare enligt baljans storlek. (omvandlare f\u00f6ljer med vid best\u00e4llning av v\u00e4rmebalja)<\/p>\n","protected":false},"featured_media":1468,"template":"","meta":[],"product_brand":[],"product_cat":[34],"product_tag":[],"class_list":{"0":"post-1469","1":"product","2":"type-product","3":"status-publish","4":"has-post-thumbnail","6":"product_cat-varmebaljor","7":"product_shipping_class-postpaket-s","9":"first","10":"instock","11":"taxable","12":"shipping-taxable","13":"purchasable","14":"product-type-variable"},"_links":{"self":[{"href":"https:\/\/laatufarmi.fi\/sv\/wp-json\/wp\/v2\/product\/1469","targetHints":{"allow":["GET"]}}],"collection":[{"href":"https:\/\/laatufarmi.fi\/sv\/wp-json\/wp\/v2\/product"}],"about":[{"href":"https:\/\/laatufarmi.fi\/sv\/wp-json\/wp\/v2\/types\/product"}],"wp:featuredmedia":[{"embeddable":true,"href":"https:\/\/laatufarmi.fi\/sv\/wp-json\/wp\/v2\/media\/1468"}],"wp:attachment":[{"href":"https:\/\/laatufarmi.fi\/sv\/wp-json\/wp\/v2\/media?parent=1469"}],"wp:term":[{"taxonomy":"product_brand","embeddable":true,"href":"https:\/\/laatufarmi.fi\/sv\/wp-json\/wp\/v2\/product_brand?post=1469"},{"taxonomy":"product_cat","embeddable":true,"href":"https:\/\/laatufarmi.fi\/sv\/wp-json\/wp\/v2\/product_cat?post=1469"},{"taxonomy":"product_tag","embeddable":true,"href":"https:\/\/laatufarmi.fi\/sv\/wp-json\/wp\/v2\/product_tag?post=1469"}],"curies":[{"name":"wp","href":"https:\/\/api.w.org\/{rel}","templated":true}]}}