{"id":1175,"date":"2021-08-17T18:41:02","date_gmt":"2021-08-17T15:41:02","guid":{"rendered":"https:\/\/laatufarmi.fi\/tuote\/ledbey-extraljus-arbetsljus-29-cm-100w-och-8560-lumen\/"},"modified":"2021-09-12T13:49:02","modified_gmt":"2021-09-12T10:49:02","slug":"ledbey-extraljus-arbetsljus-29-cm-100w-och-8560-lumen","status":"publish","type":"product","link":"https:\/\/laatufarmi.fi\/sv\/produkt\/ledbey-extraljus-arbetsljus-29-cm-100w-och-8560-lumen\/","title":{"rendered":"LEDbey extraljus, arbetsljus 29 cm 100W och 8560 Lumen"},"content":{"rendered":"<p>Extraljus LED-bar<\/p>\n<p>Spridning: Combo<br \/>\nLumen: 8560<br \/>\nSp\u00e4nning: 12V och 24V<br \/>\nAntal LED: 20 st<br \/>\nEffekt: 100 W<br \/>\nIP-grad: IP69K<br \/>\nLjusf\u00e4rg: 6000K<br \/>\nKastl\u00e4ngd: 920 m<br \/>\nKoppling: DT hona vattent\u00e4t<br \/>\nLivstid: 30-50 000 timmar<br \/>\nDriftstemperatur: -40 till +145 grader<\/p>\n<p>ECE-E-m\u00e4rkt och R10-certifierat. Mycket solida och robusta lampor till arbetsljus p\u00e5 maskiner och bilar.<\/p>\n<p>LEDbey har ett kraftigt ljus med OSRAM och CREE LED-dioder som ger lampor av h\u00f6g kvalitet och med l\u00e5ng livstid. H\u00f6gteknologisk elektronik som \u00e4r inkapslat i ett kraftigt hus av aluminium och f\u00e4stat med rostfria f\u00e4sten och skruvar, s\u00e4krar dig som kund en produkt som du har gl\u00e4dje av i m\u00e5nga \u00e5r fram\u00f6ver.<\/p>\n<p>Dessa har ocks\u00e5 IP69K som \u00e4r extremt bra t\u00e4thet. IP69K-klassificeringen \u00e4r f\u00f6r applikationer d\u00e4r h\u00f6gt tryck och h\u00f6g temperaturtv\u00e4tt anv\u00e4nds till att reng\u00f6ra utrustning. Denna testspecifikationen blev utvecklat f\u00f6r fordon som beh\u00f6ver regelm\u00e4ssig intensiv reng\u00f6ring, t.ex. sopbilar och cementblandare.<\/p>\n<p>Lamporna \u00e4r utrustade med en helt speciell tryckregulator p\u00e5 sidan som regulerar trycket inne i lampan och f\u00f6rhindrar kondensering i lamphuset. Detta \u00e4r ocks\u00e5 med p\u00e5 och f\u00f6rl\u00e4nger lampans livstid betydligt i f\u00f6rh\u00e5llande till andra lampor.<\/p>\n<p>Kabelset f\u00f6r tillkoppling till 12V f\u00f6ljer med i asken. Om den skall anv\u00e4ndas p\u00e5 24V m\u00e5ste relet bytas ut med rele f\u00f6r 24V.<\/p>\n","protected":false},"excerpt":{"rendered":"<p>LEDbey E-m\u00e4rkt R10 extraljus, arbetsljus. 29 cm 100W och 8560 Lumen.<\/p>\n","protected":false},"featured_media":1174,"template":"","meta":[],"product_brand":[],"product_cat":[33],"product_tag":[],"class_list":{"0":"post-1175","1":"product","2":"type-product","3":"status-publish","4":"has-post-thumbnail","6":"product_cat-extraljus","7":"product_shipping_class-postpaket-l","9":"first","10":"instock","11":"taxable","12":"shipping-taxable","13":"purchasable","14":"product-type-simple"},"_links":{"self":[{"href":"https:\/\/laatufarmi.fi\/sv\/wp-json\/wp\/v2\/product\/1175","targetHints":{"allow":["GET"]}}],"collection":[{"href":"https:\/\/laatufarmi.fi\/sv\/wp-json\/wp\/v2\/product"}],"about":[{"href":"https:\/\/laatufarmi.fi\/sv\/wp-json\/wp\/v2\/types\/product"}],"wp:featuredmedia":[{"embeddable":true,"href":"https:\/\/laatufarmi.fi\/sv\/wp-json\/wp\/v2\/media\/1174"}],"wp:attachment":[{"href":"https:\/\/laatufarmi.fi\/sv\/wp-json\/wp\/v2\/media?parent=1175"}],"wp:term":[{"taxonomy":"product_brand","embeddable":true,"href":"https:\/\/laatufarmi.fi\/sv\/wp-json\/wp\/v2\/product_brand?post=1175"},{"taxonomy":"product_cat","embeddable":true,"href":"https:\/\/laatufarmi.fi\/sv\/wp-json\/wp\/v2\/product_cat?post=1175"},{"taxonomy":"product_tag","embeddable":true,"href":"https:\/\/laatufarmi.fi\/sv\/wp-json\/wp\/v2\/product_tag?post=1175"}],"curies":[{"name":"wp","href":"https:\/\/api.w.org\/{rel}","templated":true}]}}