{"id":1107,"date":"2021-07-20T16:59:24","date_gmt":"2021-07-20T16:59:24","guid":{"rendered":"https:\/\/laatufarmi.fi\/tuote\/magnetborr-dx-35\/"},"modified":"2021-07-20T16:59:24","modified_gmt":"2021-07-20T16:59:24","slug":"magnetborr-dx-35","status":"publish","type":"product","link":"https:\/\/laatufarmi.fi\/sv\/produkt\/magnetborr-dx-35\/","title":{"rendered":"Magnetborr DX 35"},"content":{"rendered":"<p>Magnetborrmaskin DX 35<\/p>\n<p>H\u00e5lsk\u00e4rare: max \u00d8 35 mm<br \/>\nBorrdjup: max \u00d850mm Magnetstorlek: 165x80x39 mm<br \/>\nVikt: 10,5 kg<br \/>\nMagnetisk effekt: 10000N<br \/>\nMotor: 1100W<br \/>\nSlagl\u00e4ngd: 120 mm<br \/>\nHastighet utan belastning: 700 rpm<br \/>\nArbetshastighet: 450 rpm<br \/>\nStegl\u00f6s farth\u00e5llare<br \/>\nH\u00e5lfr\u00e4sning: Weldon 19 mm<br \/>\nDenna maskin kan anv\u00e4ndas med h\u00e5lslag med en l\u00e4ngd p\u00e5 100 mm<\/p>\n<p>Denna produkt finns inte i lager. Leveranstiden kan d\u00e4rf\u00f6r bli l\u00e4ngre.<\/p>\n","protected":false},"excerpt":{"rendered":"<p>DX 35 magnetborrmaskin f\u00f6r Weldon 19 mm h\u00e5lfr\u00e4s. BEST\u00c4LLNINGSPRODUKT. Ta kontakt f\u00f6r att best\u00e4lla. tilaus@laatufarmi.fi, 050-5337230<\/p>\n","protected":false},"featured_media":1109,"template":"","meta":[],"product_brand":[],"product_cat":[35],"product_tag":[],"class_list":{"0":"post-1107","1":"product","2":"type-product","3":"status-publish","4":"has-post-thumbnail","6":"product_cat-magnetborrmaskiner","8":"first","9":"instock","10":"taxable","11":"shipping-taxable","12":"product-type-external"},"_links":{"self":[{"href":"https:\/\/laatufarmi.fi\/sv\/wp-json\/wp\/v2\/product\/1107","targetHints":{"allow":["GET"]}}],"collection":[{"href":"https:\/\/laatufarmi.fi\/sv\/wp-json\/wp\/v2\/product"}],"about":[{"href":"https:\/\/laatufarmi.fi\/sv\/wp-json\/wp\/v2\/types\/product"}],"wp:featuredmedia":[{"embeddable":true,"href":"https:\/\/laatufarmi.fi\/sv\/wp-json\/wp\/v2\/media\/1109"}],"wp:attachment":[{"href":"https:\/\/laatufarmi.fi\/sv\/wp-json\/wp\/v2\/media?parent=1107"}],"wp:term":[{"taxonomy":"product_brand","embeddable":true,"href":"https:\/\/laatufarmi.fi\/sv\/wp-json\/wp\/v2\/product_brand?post=1107"},{"taxonomy":"product_cat","embeddable":true,"href":"https:\/\/laatufarmi.fi\/sv\/wp-json\/wp\/v2\/product_cat?post=1107"},{"taxonomy":"product_tag","embeddable":true,"href":"https:\/\/laatufarmi.fi\/sv\/wp-json\/wp\/v2\/product_tag?post=1107"}],"curies":[{"name":"wp","href":"https:\/\/api.w.org\/{rel}","templated":true}]}}