{"id":1101,"date":"2021-07-20T16:10:12","date_gmt":"2021-07-20T16:10:12","guid":{"rendered":"https:\/\/laatufarmi.fi\/tuote\/magnetborr-eco-50s\/"},"modified":"2021-07-20T16:10:12","modified_gmt":"2021-07-20T16:10:12","slug":"magnetborr-eco-50s","status":"publish","type":"product","link":"https:\/\/laatufarmi.fi\/sv\/produkt\/magnetborr-eco-50s\/","title":{"rendered":"Magnetborr ECO.50S"},"content":{"rendered":"<p>ECO.50S Magnetisk borrmaskin<\/p>\n<p>H\u00e5lfr\u00e4sar: \u00d812-50mm<br \/>\nG\u00e4ngborr: \u00d81-23mm<br \/>\nStorlek: 320x200x445-615mm<br \/>\nVikt: 11,2 kg<br \/>\nSlagl\u00e4ngd: 170 mm<br \/>\nMagnetisk effekt: 1500 kg<br \/>\nMotor: 1250W<br \/>\nHastighet utan belastning: (1) 315 rpm, (2) 690 rpm<\/p>\n<p>Hastighetsbelastad: (1) 235r \/ min, (2) 425r \/ min<\/p>\n<p>F\u00e4ste: Morsekon 3 och 19.05 weldon<\/p>\n<p>Denna produkt finns inte i lager. Leveranstiden kan d\u00e4rf\u00f6r bli l\u00e4ngre<\/p>\n","protected":false},"excerpt":{"rendered":"<p>ECO.50S magnetborrmaskin f\u00f6r h\u00e5lfr\u00e4s upp till \u00d850mm. Kvalitetsmaskin fr\u00e5n Euroboor. BEST\u00c4LLNINGSPRODUKT. Ta kontakt om du vill best\u00e4lla. tilaus@laatufarmi.fi, 050-5337230<\/p>\n","protected":false},"featured_media":1103,"template":"","meta":[],"product_brand":[],"product_cat":[35],"product_tag":[],"class_list":{"0":"post-1101","1":"product","2":"type-product","3":"status-publish","4":"has-post-thumbnail","6":"product_cat-magnetborrmaskiner","8":"first","9":"instock","10":"taxable","11":"shipping-taxable","12":"product-type-external"},"_links":{"self":[{"href":"https:\/\/laatufarmi.fi\/sv\/wp-json\/wp\/v2\/product\/1101","targetHints":{"allow":["GET"]}}],"collection":[{"href":"https:\/\/laatufarmi.fi\/sv\/wp-json\/wp\/v2\/product"}],"about":[{"href":"https:\/\/laatufarmi.fi\/sv\/wp-json\/wp\/v2\/types\/product"}],"wp:featuredmedia":[{"embeddable":true,"href":"https:\/\/laatufarmi.fi\/sv\/wp-json\/wp\/v2\/media\/1103"}],"wp:attachment":[{"href":"https:\/\/laatufarmi.fi\/sv\/wp-json\/wp\/v2\/media?parent=1101"}],"wp:term":[{"taxonomy":"product_brand","embeddable":true,"href":"https:\/\/laatufarmi.fi\/sv\/wp-json\/wp\/v2\/product_brand?post=1101"},{"taxonomy":"product_cat","embeddable":true,"href":"https:\/\/laatufarmi.fi\/sv\/wp-json\/wp\/v2\/product_cat?post=1101"},{"taxonomy":"product_tag","embeddable":true,"href":"https:\/\/laatufarmi.fi\/sv\/wp-json\/wp\/v2\/product_tag?post=1101"}],"curies":[{"name":"wp","href":"https:\/\/api.w.org\/{rel}","templated":true}]}}