{"id":1097,"date":"2021-07-20T16:05:55","date_gmt":"2021-07-20T16:05:55","guid":{"rendered":"https:\/\/laatufarmi.fi\/tuote\/magnetborrmaskin-eco-36\/"},"modified":"2021-07-20T16:05:55","modified_gmt":"2021-07-20T16:05:55","slug":"magnetborrmaskin-eco-36","status":"publish","type":"product","link":"https:\/\/laatufarmi.fi\/sv\/produkt\/magnetborrmaskin-eco-36\/","title":{"rendered":"Magnetborrmaskin ECO.36"},"content":{"rendered":"<p>ECO.36 Magnetborrmaskin<\/p>\n<p><a href=\"https:\/\/www.youtube.com\/watch?v=iZiZ279Ryvk\" data-link-type=\"undefined\" data-type=\"linkpicker\" rel=\"nofollow noopener\" target=\"_blank\">Titta p\u00e5 en video av borrmaskinen.<\/a><\/p>\n<p>H\u00e5lfr\u00e4sar: \u00d812-30mm<br \/>\nStorlek: 310x135x165mm<br \/>\nVikt: 10,3 kg<br \/>\nSlagl\u00e4ngd: 40 mm<br \/>\nMagneteffekt: 1200 kg<br \/>\nMoottori: 1050W<br \/>\nNopeus: 700 r\/min ilman kuormitus. Kuormitettu 400r\/min<br \/>\nKiinnike: 19mm weldon 3\/4<\/p>\n<p>Denna produkt finns inte i lager. Leveranstiden kan d\u00e4rf\u00f6r bli l\u00e4ngre<\/p>\n","protected":false},"excerpt":{"rendered":"<p>En v\u00e4ldigt l\u00e4tt och liten magnetborrmaskin. Med denna maskin kommer du \u00e5t p\u00e5 n\u00e4stan alla platser. Endast 165mm h\u00f6g. BEST\u00c4LLNINGSPRODUKT, Ta kontakt (050-5337230, tilaus@laatufarmi.fi).<\/p>\n","protected":false},"featured_media":1096,"template":"","meta":[],"product_brand":[],"product_cat":[35],"product_tag":[],"class_list":{"0":"post-1097","1":"product","2":"type-product","3":"status-publish","4":"has-post-thumbnail","6":"product_cat-magnetborrmaskiner","8":"first","9":"instock","10":"taxable","11":"shipping-taxable","12":"product-type-external"},"_links":{"self":[{"href":"https:\/\/laatufarmi.fi\/sv\/wp-json\/wp\/v2\/product\/1097","targetHints":{"allow":["GET"]}}],"collection":[{"href":"https:\/\/laatufarmi.fi\/sv\/wp-json\/wp\/v2\/product"}],"about":[{"href":"https:\/\/laatufarmi.fi\/sv\/wp-json\/wp\/v2\/types\/product"}],"wp:featuredmedia":[{"embeddable":true,"href":"https:\/\/laatufarmi.fi\/sv\/wp-json\/wp\/v2\/media\/1096"}],"wp:attachment":[{"href":"https:\/\/laatufarmi.fi\/sv\/wp-json\/wp\/v2\/media?parent=1097"}],"wp:term":[{"taxonomy":"product_brand","embeddable":true,"href":"https:\/\/laatufarmi.fi\/sv\/wp-json\/wp\/v2\/product_brand?post=1097"},{"taxonomy":"product_cat","embeddable":true,"href":"https:\/\/laatufarmi.fi\/sv\/wp-json\/wp\/v2\/product_cat?post=1097"},{"taxonomy":"product_tag","embeddable":true,"href":"https:\/\/laatufarmi.fi\/sv\/wp-json\/wp\/v2\/product_tag?post=1097"}],"curies":[{"name":"wp","href":"https:\/\/api.w.org\/{rel}","templated":true}]}}