{"id":1091,"date":"2021-07-20T16:00:10","date_gmt":"2021-07-20T16:00:10","guid":{"rendered":"https:\/\/laatufarmi.fi\/tuote\/magnetborr-eco-40s\/"},"modified":"2021-07-20T16:00:10","modified_gmt":"2021-07-20T16:00:10","slug":"magnetborr-eco-40s","status":"publish","type":"product","link":"https:\/\/laatufarmi.fi\/sv\/produkt\/magnetborr-eco-40s\/","title":{"rendered":"Magnetborr ECO.40S"},"content":{"rendered":"<p>ECO.40S Magnetborrmaskin<\/p>\n<p>H\u00e5lfr\u00e4s: \u00d812-40mm<br \/>\nG\u00e4ngborr: \u00d81-13mm<br \/>\nStorlek: 255x210x395-540mm<br \/>\nVikt: 12 kg<br \/>\nSlagl\u00e4ngd: 150 mm<br \/>\nMagnetisk effekt: 1500 kg<br \/>\nMotor: 1050W<br \/>\nHastighet utan belastning: (1) 720 rpm, (2) 1300 rpm<\/p>\n<p>Hastighetsbelastad: (1) 315 rpm, (2) 560 rpm<\/p>\n<p>F\u00e4ste: 19.05 weldon<\/p>\n","protected":false},"excerpt":{"rendered":"<p>ECO.40S magnetborrmaskin f\u00f6r h\u00e5lfr\u00e4s upp till \u00d840mm. Kvalitetsborrmaskin fr\u00e5n Euroboor. Kraftig och l\u00e4tt maskin<\/p>\n","protected":false},"featured_media":1090,"template":"","meta":[],"product_brand":[],"product_cat":[35],"product_tag":[],"class_list":{"0":"post-1091","1":"product","2":"type-product","3":"status-publish","4":"has-post-thumbnail","6":"product_cat-magnetborrmaskiner","7":"product_shipping_class-postpaket-l","9":"first","10":"instock","11":"taxable","12":"shipping-taxable","13":"purchasable","14":"product-type-simple"},"_links":{"self":[{"href":"https:\/\/laatufarmi.fi\/sv\/wp-json\/wp\/v2\/product\/1091","targetHints":{"allow":["GET"]}}],"collection":[{"href":"https:\/\/laatufarmi.fi\/sv\/wp-json\/wp\/v2\/product"}],"about":[{"href":"https:\/\/laatufarmi.fi\/sv\/wp-json\/wp\/v2\/types\/product"}],"wp:featuredmedia":[{"embeddable":true,"href":"https:\/\/laatufarmi.fi\/sv\/wp-json\/wp\/v2\/media\/1090"}],"wp:attachment":[{"href":"https:\/\/laatufarmi.fi\/sv\/wp-json\/wp\/v2\/media?parent=1091"}],"wp:term":[{"taxonomy":"product_brand","embeddable":true,"href":"https:\/\/laatufarmi.fi\/sv\/wp-json\/wp\/v2\/product_brand?post=1091"},{"taxonomy":"product_cat","embeddable":true,"href":"https:\/\/laatufarmi.fi\/sv\/wp-json\/wp\/v2\/product_cat?post=1091"},{"taxonomy":"product_tag","embeddable":true,"href":"https:\/\/laatufarmi.fi\/sv\/wp-json\/wp\/v2\/product_tag?post=1091"}],"curies":[{"name":"wp","href":"https:\/\/api.w.org\/{rel}","templated":true}]}}