{"id":1087,"date":"2021-07-20T15:44:29","date_gmt":"2021-07-20T15:44:29","guid":{"rendered":"https:\/\/laatufarmi.fi\/tuote\/magnetborrmaskin-scy42hd\/"},"modified":"2021-07-20T15:44:29","modified_gmt":"2021-07-20T15:44:29","slug":"magnetborrmaskin-scy42hd","status":"publish","type":"product","link":"https:\/\/laatufarmi.fi\/sv\/produkt\/magnetborrmaskin-scy42hd\/","title":{"rendered":"Magnetborrmaskin SCY42HD"},"content":{"rendered":"<p>SCY42HD magnetborrmaskin med stegl\u00f6s hastighets reglering.<\/p>\n<p>Vikt: 14kg<\/p>\n<p>Max borr diameter h\u00e5lfr\u00e4s: 42mm<\/p>\n<p>Max borrdjup: 50mm<\/p>\n<p>Certifierat: CE m\u00e4rkt<\/p>\n<p>Magnet kraft: 15600N<\/p>\n<p>Hastighet utan belastning: Kan justeras fr\u00e5n 100 till 450 rpm<\/p>\n<p>L\u00e4ngd 25 cm<\/p>\n<p>H\u00f6jd 35 cm<\/p>\n<p>Bredd 11 cm<\/p>\n<p>F\u00e4ste f\u00f6r h\u00e5lfr\u00e4s: Weldon 19 mm.<\/p>\n","protected":false},"excerpt":{"rendered":"<p>SCY42HD magnetborrmaskin med stegl\u00f6s hastighets reglering. Vikt: 14kg Max borr diameter h\u00e5lfr\u00e4s: 42mm Max borrdjup: 50mm Certifierat: CE m\u00e4rkt Magnet kraft: 15600N Hastighet utan belastning: Kan justeras fr\u00e5n 100 till 450 rpm L\u00e4ngd 25 cm H\u00f6jd 35 cm Bredd 11 cm F\u00e4ste f\u00f6r h\u00e5lfr\u00e4s: Weldon 19 mm.<\/p>\n","protected":false},"featured_media":1086,"template":"","meta":[],"product_brand":[],"product_cat":[35],"product_tag":[],"class_list":{"0":"post-1087","1":"product","2":"type-product","3":"status-publish","4":"has-post-thumbnail","6":"product_cat-magnetborrmaskiner","7":"product_shipping_class-postpaket-l","9":"first","10":"instock","11":"taxable","12":"shipping-taxable","13":"purchasable","14":"product-type-simple"},"_links":{"self":[{"href":"https:\/\/laatufarmi.fi\/sv\/wp-json\/wp\/v2\/product\/1087","targetHints":{"allow":["GET"]}}],"collection":[{"href":"https:\/\/laatufarmi.fi\/sv\/wp-json\/wp\/v2\/product"}],"about":[{"href":"https:\/\/laatufarmi.fi\/sv\/wp-json\/wp\/v2\/types\/product"}],"wp:featuredmedia":[{"embeddable":true,"href":"https:\/\/laatufarmi.fi\/sv\/wp-json\/wp\/v2\/media\/1086"}],"wp:attachment":[{"href":"https:\/\/laatufarmi.fi\/sv\/wp-json\/wp\/v2\/media?parent=1087"}],"wp:term":[{"taxonomy":"product_brand","embeddable":true,"href":"https:\/\/laatufarmi.fi\/sv\/wp-json\/wp\/v2\/product_brand?post=1087"},{"taxonomy":"product_cat","embeddable":true,"href":"https:\/\/laatufarmi.fi\/sv\/wp-json\/wp\/v2\/product_cat?post=1087"},{"taxonomy":"product_tag","embeddable":true,"href":"https:\/\/laatufarmi.fi\/sv\/wp-json\/wp\/v2\/product_tag?post=1087"}],"curies":[{"name":"wp","href":"https:\/\/api.w.org\/{rel}","templated":true}]}}