{"id":1083,"date":"2021-07-20T15:37:44","date_gmt":"2021-07-20T15:37:44","guid":{"rendered":"https:\/\/laatufarmi.fi\/tuote\/magnetborrmaskin-eco-50-t\/"},"modified":"2021-07-20T15:37:44","modified_gmt":"2021-07-20T15:37:44","slug":"magnetborrmaskin-eco-50-t","status":"publish","type":"product","link":"https:\/\/laatufarmi.fi\/sv\/produkt\/magnetborrmaskin-eco-50-t\/","title":{"rendered":"Magnetborrmaskin ECO.50-T"},"content":{"rendered":"<p>ECO.50-T magnetborrmaskin<\/p>\n<p>H\u00e5lfr\u00e4sar: \u00d812-50mm<br \/>\nG\u00e4ngborr: \u00d81-23mm<br \/>\nF\u00f6rdjupning: \u00d810-40mm<br \/>\nTr\u00e5dar: M3-M20<br \/>\nStorlek: 320x210x385-550mm<br \/>\nVikt: 14 kg<br \/>\nSlagl\u00e4ngd: 170 mm<br \/>\nMagnetstorlek: 170x85x48<br \/>\nMagnetisk kraft: 1850 kg<br \/>\nMotor: 1250W<br \/>\nFart: (I) 100-280, (II) 185-530 varv \/ min luftbelastning<br \/>\nStegl\u00f6s farth\u00e5llare<br \/>\nF\u00e4ste: Morsekon 2 och omvandlingssvets 19<\/p>\n<p>Denna produkt finns inte i lager. Leveranstiden kan d\u00e4rf\u00f6r bli l\u00e4ngre<\/p>\n","protected":false},"excerpt":{"rendered":"<p>Liten och l\u00e4tt magnetisk borrmaskin. F\u00f6r h\u00e5l- och g\u00e4ngborrning. KONTAKTA OSS F\u00d6R ATT BEST\u00c4LLA (050-5337230, tilaus@laatufarmi.fi).<\/p>\n","protected":false},"featured_media":1082,"template":"","meta":[],"product_brand":[],"product_cat":[35],"product_tag":[],"class_list":{"0":"post-1083","1":"product","2":"type-product","3":"status-publish","4":"has-post-thumbnail","6":"product_cat-magnetborrmaskiner","8":"first","9":"instock","10":"taxable","11":"shipping-taxable","12":"product-type-external"},"_links":{"self":[{"href":"https:\/\/laatufarmi.fi\/sv\/wp-json\/wp\/v2\/product\/1083","targetHints":{"allow":["GET"]}}],"collection":[{"href":"https:\/\/laatufarmi.fi\/sv\/wp-json\/wp\/v2\/product"}],"about":[{"href":"https:\/\/laatufarmi.fi\/sv\/wp-json\/wp\/v2\/types\/product"}],"wp:featuredmedia":[{"embeddable":true,"href":"https:\/\/laatufarmi.fi\/sv\/wp-json\/wp\/v2\/media\/1082"}],"wp:attachment":[{"href":"https:\/\/laatufarmi.fi\/sv\/wp-json\/wp\/v2\/media?parent=1083"}],"wp:term":[{"taxonomy":"product_brand","embeddable":true,"href":"https:\/\/laatufarmi.fi\/sv\/wp-json\/wp\/v2\/product_brand?post=1083"},{"taxonomy":"product_cat","embeddable":true,"href":"https:\/\/laatufarmi.fi\/sv\/wp-json\/wp\/v2\/product_cat?post=1083"},{"taxonomy":"product_tag","embeddable":true,"href":"https:\/\/laatufarmi.fi\/sv\/wp-json\/wp\/v2\/product_tag?post=1083"}],"curies":[{"name":"wp","href":"https:\/\/api.w.org\/{rel}","templated":true}]}}