{"id":1079,"date":"2021-07-20T15:30:45","date_gmt":"2021-07-20T15:30:45","guid":{"rendered":"https:\/\/laatufarmi.fi\/tuote\/magnetborrmaskin-eco-tube-30\/"},"modified":"2021-07-20T15:30:45","modified_gmt":"2021-07-20T15:30:45","slug":"magnetborrmaskin-eco-tube-30","status":"publish","type":"product","link":"https:\/\/laatufarmi.fi\/sv\/produkt\/magnetborrmaskin-eco-tube-30\/","title":{"rendered":"Magnetborrmaskin ECO-TUBE.30"},"content":{"rendered":"<p>ECO-TUBE.30 Magnetisk borrmaskin f\u00f6r r\u00f6r.<\/p>\n<p><a href=\"https:\/\/www.youtube.com\/watch?v=zjW7YPvD3Zc\" data-link-type=\"undefined\" data-type=\"linkpicker\" rel=\"nofollow noopener\" target=\"_blank\">titta p\u00e5 videon<\/a><\/p>\n<p>H\u00e5lfr\u00e4sar: \u00d812-30mm<br \/>\nG\u00e4ngborr: \u00d81-13mm<br \/>\nStorlek: 275x185x326 \/ 416mm<br \/>\nVikt: 11 kg<br \/>\nSlagl\u00e4ngd: 90 mm<br \/>\nMagnetisk effekt: 532 kg<br \/>\nMotor: 900W<br \/>\nHastighet: 775 rpm utan belastning. Lastad vid 400r \/ min<br \/>\nF\u00e4ste: 19 mm svets 3\/4<\/p>\n<p>Denna produkt finns inte i lager. Leveranstiden kan d\u00e4rf\u00f6r bli l\u00e4ngre<\/p>\n","protected":false},"excerpt":{"rendered":"<p>Magnetisk borrmaskin f\u00f6r r\u00f6rborrning. BEST\u00c4LLNINGSPRODUKT. Ta kontakt om du vill best\u00e4lla. tilaus@laatufarmi.fi, 050-5337230<\/p>\n","protected":false},"featured_media":1078,"template":"","meta":[],"product_brand":[],"product_cat":[35],"product_tag":[],"class_list":{"0":"post-1079","1":"product","2":"type-product","3":"status-publish","4":"has-post-thumbnail","6":"product_cat-magnetborrmaskiner","8":"first","9":"instock","10":"taxable","11":"shipping-taxable","12":"product-type-external"},"_links":{"self":[{"href":"https:\/\/laatufarmi.fi\/sv\/wp-json\/wp\/v2\/product\/1079","targetHints":{"allow":["GET"]}}],"collection":[{"href":"https:\/\/laatufarmi.fi\/sv\/wp-json\/wp\/v2\/product"}],"about":[{"href":"https:\/\/laatufarmi.fi\/sv\/wp-json\/wp\/v2\/types\/product"}],"wp:featuredmedia":[{"embeddable":true,"href":"https:\/\/laatufarmi.fi\/sv\/wp-json\/wp\/v2\/media\/1078"}],"wp:attachment":[{"href":"https:\/\/laatufarmi.fi\/sv\/wp-json\/wp\/v2\/media?parent=1079"}],"wp:term":[{"taxonomy":"product_brand","embeddable":true,"href":"https:\/\/laatufarmi.fi\/sv\/wp-json\/wp\/v2\/product_brand?post=1079"},{"taxonomy":"product_cat","embeddable":true,"href":"https:\/\/laatufarmi.fi\/sv\/wp-json\/wp\/v2\/product_cat?post=1079"},{"taxonomy":"product_tag","embeddable":true,"href":"https:\/\/laatufarmi.fi\/sv\/wp-json\/wp\/v2\/product_tag?post=1079"}],"curies":[{"name":"wp","href":"https:\/\/api.w.org\/{rel}","templated":true}]}}