{"id":1075,"date":"2021-07-20T15:16:35","date_gmt":"2021-07-20T15:16:35","guid":{"rendered":"https:\/\/laatufarmi.fi\/tuote\/magnetborrmaskin-eco-100-4\/"},"modified":"2021-07-20T15:16:35","modified_gmt":"2021-07-20T15:16:35","slug":"magnetborrmaskin-eco-100-4","status":"publish","type":"product","link":"https:\/\/laatufarmi.fi\/sv\/produkt\/magnetborrmaskin-eco-100-4\/","title":{"rendered":"Magnetborrmaskin ECO.100 \/ 4"},"content":{"rendered":"<p>ECO.100 \/ 4 Kraftfull magnetborrmaskin f\u00f6r stora diametrar.<\/p>\n<p><a href=\"https:\/\/www.youtube.com\/watch?v=IbJ_WTtH6Zs\" data-link-type=\"undefined\" data-type=\"linkpicker\" rel=\"nofollow noopener\" target=\"_blank\">Titta p\u00e5 videon ECO.100 \/ 4<\/a><\/p>\n<p class=\"line-height-100 cke-line-height\">H\u00e5lfr\u00e4sar: \u00d812-100mm<br \/>\nG\u00e4ngborr: \u00d81-31mm<br \/>\nStorlek: 365x310x510-710mm<br \/>\nVikt: 28 kg<br \/>\nSlagl\u00e4ngd: 260 mm<br \/>\nMagnetisk effekt: 3000 kg<br \/>\nMotor: 1900W<br \/>\nHastighet utan belastning: (1) 42-110r \/ min (2) 65-190r \/ min (3) 140-400r \/ min (4) 220-620r \/ min<\/p>\n<p class=\"line-height-100 cke-line-height\">Hastighetsbelastad: (1) 85r \/ min (2) 152r \/ min (3) 270r \/ min (3) 480r \/ min<\/p>\n<p class=\"line-height-100 cke-line-height\">F\u00e4ste: morsekon 3 och weldon 31,7 mm och 19 mm<\/p>\n<p>Denna produkt finns inte i lager. Leveranstiden kan d\u00e4rf\u00f6r bli l\u00e4ngre<\/p>\n","protected":false},"excerpt":{"rendered":"<p>Magnetisk borrmaskin f\u00f6r h\u00e5lfr\u00e4s upp till \u00d8100mm. BEST\u00c4LLNINGSPRODUKT. Ta kontakt om du vill best\u00e4lla. tilaus@laatufarmi.fi, 050-5337230<\/p>\n","protected":false},"featured_media":1068,"template":"","meta":[],"product_brand":[],"product_cat":[35],"product_tag":[],"class_list":{"0":"post-1075","1":"product","2":"type-product","3":"status-publish","4":"has-post-thumbnail","6":"product_cat-magnetborrmaskiner","8":"first","9":"instock","10":"taxable","11":"shipping-taxable","12":"product-type-external"},"_links":{"self":[{"href":"https:\/\/laatufarmi.fi\/sv\/wp-json\/wp\/v2\/product\/1075","targetHints":{"allow":["GET"]}}],"collection":[{"href":"https:\/\/laatufarmi.fi\/sv\/wp-json\/wp\/v2\/product"}],"about":[{"href":"https:\/\/laatufarmi.fi\/sv\/wp-json\/wp\/v2\/types\/product"}],"wp:featuredmedia":[{"embeddable":true,"href":"https:\/\/laatufarmi.fi\/sv\/wp-json\/wp\/v2\/media\/1068"}],"wp:attachment":[{"href":"https:\/\/laatufarmi.fi\/sv\/wp-json\/wp\/v2\/media?parent=1075"}],"wp:term":[{"taxonomy":"product_brand","embeddable":true,"href":"https:\/\/laatufarmi.fi\/sv\/wp-json\/wp\/v2\/product_brand?post=1075"},{"taxonomy":"product_cat","embeddable":true,"href":"https:\/\/laatufarmi.fi\/sv\/wp-json\/wp\/v2\/product_cat?post=1075"},{"taxonomy":"product_tag","embeddable":true,"href":"https:\/\/laatufarmi.fi\/sv\/wp-json\/wp\/v2\/product_tag?post=1075"}],"curies":[{"name":"wp","href":"https:\/\/api.w.org\/{rel}","templated":true}]}}