{"id":1060,"date":"2021-07-20T10:27:55","date_gmt":"2021-07-20T10:27:55","guid":{"rendered":"https:\/\/laatufarmi.fi\/tuote\/ebm-360-magnetborr-med-batteri\/"},"modified":"2021-07-20T10:27:55","modified_gmt":"2021-07-20T10:27:55","slug":"ebm-360-magnetborr-med-batteri","status":"publish","type":"product","link":"https:\/\/laatufarmi.fi\/sv\/produkt\/ebm-360-magnetborr-med-batteri\/","title":{"rendered":"EBM.360 Magnetborr Med Batteri"},"content":{"rendered":"<p>EBM360 Magnetborrmaskin \u2013 liten och l\u00e4tt maskin med batteri<\/p>\n<p>Laddningstid ca 70 minuter<\/p>\n<p>H\u00e5lfr\u00e4s: \u00d812-36mm<br \/>\nG\u00e4ngborr: \u00d81-13mm<br \/>\nF\u00f6rdjupning: maximalt \u00d855mm<br \/>\nStorlek: 297x112x420-610mm<br \/>\nVikt: 15 kg med batteri<br \/>\nSlagl\u00e4ngd: 230 mm<br \/>\nMagnetisk effekt: 1700 kg<br \/>\nHastighet: 506 rpm utan belastning. 375r \/ min laddad<br \/>\nF\u00e4ste: 19 mm svets 3\/4<\/p>\n<p>Laddare och 1 batteri ing\u00e5r.<\/p>\n<p>Denna produkt finns inte i lager. Leveranstiden kan d\u00e4rf\u00f6r bli l\u00e4ngre<\/p>\n","protected":false},"excerpt":{"rendered":"<p>EBM360 Sladdl\u00f6s magnetborrmaskin 37v-batteriet \u00e4r en mycket m\u00e5ngsidig maskin. Ta den var som helst. BEST\u00c4LLNINGSPRODUKT. Ta kontakt om du vill best\u00e4lla. tilaus@laatufarmi.fi, 050-5337230<\/p>\n","protected":false},"featured_media":1070,"template":"","meta":[],"product_brand":[],"product_cat":[35],"product_tag":[],"class_list":{"0":"post-1060","1":"product","2":"type-product","3":"status-publish","4":"has-post-thumbnail","6":"product_cat-magnetborrmaskiner","8":"first","9":"instock","10":"taxable","11":"shipping-taxable","12":"product-type-external"},"_links":{"self":[{"href":"https:\/\/laatufarmi.fi\/sv\/wp-json\/wp\/v2\/product\/1060","targetHints":{"allow":["GET"]}}],"collection":[{"href":"https:\/\/laatufarmi.fi\/sv\/wp-json\/wp\/v2\/product"}],"about":[{"href":"https:\/\/laatufarmi.fi\/sv\/wp-json\/wp\/v2\/types\/product"}],"wp:featuredmedia":[{"embeddable":true,"href":"https:\/\/laatufarmi.fi\/sv\/wp-json\/wp\/v2\/media\/1070"}],"wp:attachment":[{"href":"https:\/\/laatufarmi.fi\/sv\/wp-json\/wp\/v2\/media?parent=1060"}],"wp:term":[{"taxonomy":"product_brand","embeddable":true,"href":"https:\/\/laatufarmi.fi\/sv\/wp-json\/wp\/v2\/product_brand?post=1060"},{"taxonomy":"product_cat","embeddable":true,"href":"https:\/\/laatufarmi.fi\/sv\/wp-json\/wp\/v2\/product_cat?post=1060"},{"taxonomy":"product_tag","embeddable":true,"href":"https:\/\/laatufarmi.fi\/sv\/wp-json\/wp\/v2\/product_tag?post=1060"}],"curies":[{"name":"wp","href":"https:\/\/api.w.org\/{rel}","templated":true}]}}