{"id":1054,"date":"2021-06-19T18:19:23","date_gmt":"2021-06-19T18:19:23","guid":{"rendered":"https:\/\/laatufarmi.fi\/tuote\/kalvbox\/"},"modified":"2021-06-19T18:19:23","modified_gmt":"2021-06-19T18:19:23","slug":"kalvbox","status":"publish","type":"product","link":"https:\/\/laatufarmi.fi\/sv\/produkt\/kalvbox\/","title":{"rendered":"Kalvbox"},"content":{"rendered":"<p>Tanken med en kalvbox \u00e4r att en djurtransportbil inte beh\u00f6ver komma i direkt kontakt med ladug\u00e5rden. Boxen rymmer cirka 6-9 mj\u00f6lkkalvar.<\/p>\n<p>Storlek: 1,5 m x 2,5 m<\/p>\n<p>Vikt: n. 250-300 kg<\/p>\n","protected":false},"excerpt":{"rendered":"<p>Kalvbox f\u00f6r djurtransport. Finns i lager men kontakta oss om du vill best\u00e4lla s\u00e5 att vi kan ordna transport. Tel 044-9761451.<\/p>\n","protected":false},"featured_media":1055,"template":"","meta":[],"product_brand":[],"product_cat":[37],"product_tag":[],"class_list":{"0":"post-1054","1":"product","2":"type-product","3":"status-publish","4":"has-post-thumbnail","6":"product_cat-kalvboxar","8":"first","9":"instock","10":"taxable","11":"shipping-taxable","12":"product-type-external"},"_links":{"self":[{"href":"https:\/\/laatufarmi.fi\/sv\/wp-json\/wp\/v2\/product\/1054","targetHints":{"allow":["GET"]}}],"collection":[{"href":"https:\/\/laatufarmi.fi\/sv\/wp-json\/wp\/v2\/product"}],"about":[{"href":"https:\/\/laatufarmi.fi\/sv\/wp-json\/wp\/v2\/types\/product"}],"wp:featuredmedia":[{"embeddable":true,"href":"https:\/\/laatufarmi.fi\/sv\/wp-json\/wp\/v2\/media\/1055"}],"wp:attachment":[{"href":"https:\/\/laatufarmi.fi\/sv\/wp-json\/wp\/v2\/media?parent=1054"}],"wp:term":[{"taxonomy":"product_brand","embeddable":true,"href":"https:\/\/laatufarmi.fi\/sv\/wp-json\/wp\/v2\/product_brand?post=1054"},{"taxonomy":"product_cat","embeddable":true,"href":"https:\/\/laatufarmi.fi\/sv\/wp-json\/wp\/v2\/product_cat?post=1054"},{"taxonomy":"product_tag","embeddable":true,"href":"https:\/\/laatufarmi.fi\/sv\/wp-json\/wp\/v2\/product_tag?post=1054"}],"curies":[{"name":"wp","href":"https:\/\/api.w.org\/{rel}","templated":true}]}}