{"id":1051,"date":"2021-07-20T10:05:24","date_gmt":"2021-07-20T10:05:24","guid":{"rendered":"https:\/\/laatufarmi.fi\/tuote\/magnetborrmaskin-scy32hd\/"},"modified":"2021-07-20T10:05:24","modified_gmt":"2021-07-20T10:05:24","slug":"magnetborrmaskin-scy32hd","status":"publish","type":"product","link":"https:\/\/laatufarmi.fi\/sv\/produkt\/magnetborrmaskin-scy32hd\/","title":{"rendered":"Magnetborrmaskin SCY32HD"},"content":{"rendered":"<p>SCY32HD magnetborrmaskin med stegl\u00f6s hastighets reglering.<\/p>\n<p>Vikt: 11 kg<\/p>\n<p>Max borr diameter h\u00e5lfr\u00e4s: 32mm<\/p>\n<p>Max borrdjup: 50mm<\/p>\n<p>Certifierat: CE m\u00e4rkt<\/p>\n<p>Magnet kraft: 14800N, motor effekt: 1550 W<\/p>\n<p>Hastighet utan belastning: Kan justeras fr\u00e5n 100 till 520 rpm<\/p>\n<p>L\u00e4ngd 25 cm<\/p>\n<p>H\u00f6jd 32 cm<\/p>\n<p>Bredd 11 cm<\/p>\n<p>F\u00e4ste f\u00f6r h\u00e5lfr\u00e4s: Weldon 19 mm.<\/p>\n","protected":false},"excerpt":{"rendered":"<p>BEST\u00c4LNINGSPRODUKT. Ta kontakt om du vill best\u00e4lla. tilaus@laatufarmi.fi, 050-5337230<\/p>\n","protected":false},"featured_media":1111,"template":"","meta":[],"product_brand":[],"product_cat":[35],"product_tag":[],"class_list":{"0":"post-1051","1":"product","2":"type-product","3":"status-publish","4":"has-post-thumbnail","6":"product_cat-magnetborrmaskiner","8":"first","9":"instock","10":"taxable","11":"shipping-taxable","12":"product-type-external"},"_links":{"self":[{"href":"https:\/\/laatufarmi.fi\/sv\/wp-json\/wp\/v2\/product\/1051","targetHints":{"allow":["GET"]}}],"collection":[{"href":"https:\/\/laatufarmi.fi\/sv\/wp-json\/wp\/v2\/product"}],"about":[{"href":"https:\/\/laatufarmi.fi\/sv\/wp-json\/wp\/v2\/types\/product"}],"wp:featuredmedia":[{"embeddable":true,"href":"https:\/\/laatufarmi.fi\/sv\/wp-json\/wp\/v2\/media\/1111"}],"wp:attachment":[{"href":"https:\/\/laatufarmi.fi\/sv\/wp-json\/wp\/v2\/media?parent=1051"}],"wp:term":[{"taxonomy":"product_brand","embeddable":true,"href":"https:\/\/laatufarmi.fi\/sv\/wp-json\/wp\/v2\/product_brand?post=1051"},{"taxonomy":"product_cat","embeddable":true,"href":"https:\/\/laatufarmi.fi\/sv\/wp-json\/wp\/v2\/product_cat?post=1051"},{"taxonomy":"product_tag","embeddable":true,"href":"https:\/\/laatufarmi.fi\/sv\/wp-json\/wp\/v2\/product_tag?post=1051"}],"curies":[{"name":"wp","href":"https:\/\/api.w.org\/{rel}","templated":true}]}}