{"id":1043,"date":"2021-07-20T09:52:32","date_gmt":"2021-07-20T09:52:32","guid":{"rendered":"https:\/\/laatufarmi.fi\/tuote\/ledbey-arbetsbelysning-40w-1712-lumen\/"},"modified":"2021-07-20T09:52:32","modified_gmt":"2021-07-20T09:52:32","slug":"ledbey-arbetsbelysning-40w-1712-lumen","status":"publish","type":"product","link":"https:\/\/laatufarmi.fi\/sv\/produkt\/ledbey-arbetsbelysning-40w-1712-lumen\/","title":{"rendered":"Ledbey Arbetsbelysning 40W 1712 Lumen"},"content":{"rendered":"<p>LEDbey Proff arbetsbelysning. ECE R10 godk\u00e4nd, 40W och 1712 Lumen. St\u00f6r inte radion, \u00e4r mycket robust och t\u00e5l mycket vibrationer. IP69K-densitet och GE Lexan UV-best\u00e4ndigt polykarbonatglas.<\/p>\n","protected":false},"excerpt":{"rendered":"<p>LEDbey Proff arbetsbelysning. ECE R10 godk\u00e4nd, 40W och 1712 Lumen. St\u00f6r inte radion, \u00e4r mycket robust och t\u00e5l mycket vibrationer. IP69K-densitet och GE Lexan UV-best\u00e4ndigt polykarbonatglas.<\/p>\n","protected":false},"featured_media":1042,"template":"","meta":[],"product_brand":[],"product_cat":[33],"product_tag":[],"class_list":{"0":"post-1043","1":"product","2":"type-product","3":"status-publish","4":"has-post-thumbnail","6":"product_cat-extraljus","7":"product_shipping_class-postpaket-m","9":"first","10":"instock","11":"taxable","12":"shipping-taxable","13":"purchasable","14":"product-type-simple"},"_links":{"self":[{"href":"https:\/\/laatufarmi.fi\/sv\/wp-json\/wp\/v2\/product\/1043","targetHints":{"allow":["GET"]}}],"collection":[{"href":"https:\/\/laatufarmi.fi\/sv\/wp-json\/wp\/v2\/product"}],"about":[{"href":"https:\/\/laatufarmi.fi\/sv\/wp-json\/wp\/v2\/types\/product"}],"wp:featuredmedia":[{"embeddable":true,"href":"https:\/\/laatufarmi.fi\/sv\/wp-json\/wp\/v2\/media\/1042"}],"wp:attachment":[{"href":"https:\/\/laatufarmi.fi\/sv\/wp-json\/wp\/v2\/media?parent=1043"}],"wp:term":[{"taxonomy":"product_brand","embeddable":true,"href":"https:\/\/laatufarmi.fi\/sv\/wp-json\/wp\/v2\/product_brand?post=1043"},{"taxonomy":"product_cat","embeddable":true,"href":"https:\/\/laatufarmi.fi\/sv\/wp-json\/wp\/v2\/product_cat?post=1043"},{"taxonomy":"product_tag","embeddable":true,"href":"https:\/\/laatufarmi.fi\/sv\/wp-json\/wp\/v2\/product_tag?post=1043"}],"curies":[{"name":"wp","href":"https:\/\/api.w.org\/{rel}","templated":true}]}}