{"id":555,"date":"2021-07-16T14:26:50","date_gmt":"2021-07-16T14:26:50","guid":{"rendered":"https:\/\/laatufarmi.fi\/?page_id=555"},"modified":"2021-08-06T12:31:43","modified_gmt":"2021-08-06T12:31:43","slug":"om-oss","status":"publish","type":"page","link":"https:\/\/laatufarmi.fi\/sv\/om-oss\/","title":{"rendered":"Om oss"},"content":{"rendered":"\n\n\t<section class=\"section dark\" id=\"section_1955178158\">\n\t\t<div class=\"section-bg fill\" >\n\t\t\t<img loading=\"lazy\" decoding=\"async\" width=\"1500\" height=\"1000\" src=\"https:\/\/laatufarmi.fi\/wp-content\/uploads\/2021\/06\/Laatufarmi-yritys-banneri-1.jpg\" class=\"bg attachment- size-\" alt=\"Laatufarmi yritys banneri 1\" \/>\t\t\t\t\t\t<div class=\"section-bg-overlay absolute fill\"><\/div>\n\t\t\t\n\n\t\t<\/div>\n\n\t\t\n\n\t\t<div class=\"section-content relative\">\n\t\t\t\n\n<div class=\"row align-center\"  id=\"row-1889709215\">\n\n\n\t<div id=\"col-1138208160\" class=\"col medium-7 small-12 large-7\"  >\n\t\t\t\t<div class=\"col-inner\"  >\n\t\t\t\n\t\t\t\n\n\t<div id=\"text-889082973\" class=\"text\">\n\t\t\n\n<h1><span style=\"font-size: 170%;\">V\u00c5RT F\u00d6RETAG<\/span><\/h1>\n\t\t\n<style>\n#text-889082973 {\n  text-align: center;\n}\n<\/style>\n\t<\/div>\n\t\n\n\t\t<\/div>\n\t\t\t\t\t<\/div>\n\n\t\n\n<\/div>\n\n\t\t<\/div>\n\n\t\t\n<style>\n#section_1955178158 {\n  padding-top: 30px;\n  padding-bottom: 30px;\n  min-height: 250px;\n}\n#section_1955178158 .section-bg-overlay {\n  background-color: rgba(0, 0, 0, 0.25);\n}\n#section_1955178158 .section-bg img {\n  object-position: 50% 70%;\n}\n@media (min-width:550px) {\n  #section_1955178158 {\n    min-height: 440px;\n  }\n}\n<\/style>\n\t<\/section>\n\t\n\n\t<section class=\"section\" id=\"section_968644610\">\n\t\t<div class=\"section-bg fill\" >\n\t\t\t\t\t\t\t\t\t\n\t\t\t\n\n\t\t<\/div>\n\n\t\t\n\n\t\t<div class=\"section-content relative\">\n\t\t\t\n\n<div class=\"row align-middle\" style=\"max-width:1200px\" id=\"row-2076632641\">\n\n\n\t<div id=\"col-414178660\" class=\"col medium-12 small-12 large-8\"  data-animate=\"fadeInLeft\">\n\t\t\t\t<div class=\"col-inner\"  >\n\t\t\t\n\t\t\t\n\n<div class=\"video video-fit mb\" style=\"padding-top:56.25%;\"><iframe loading=\"lazy\" title=\"VEP Poranter\u00e4 - kest\u00e4v\u00e4mpi, tehokkaampi, nopeampi\" width=\"1020\" height=\"574\" src=\"https:\/\/www.youtube.com\/embed\/fvrLq11vMYI?feature=oembed\" frameborder=\"0\" allow=\"accelerometer; autoplay; clipboard-write; encrypted-media; gyroscope; picture-in-picture; web-share\" referrerpolicy=\"strict-origin-when-cross-origin\" allowfullscreen><\/iframe><\/div>\n\n\n\t\t<\/div>\n\t\t\t\t\t<\/div>\n\n\t\n\n\t<div id=\"col-311426079\" class=\"col medium-11 small-12 large-4\"  >\n\t\t\t\t<div class=\"col-inner\"  >\n\t\t\t\n\t\t\t\n\n\t<div id=\"text-694624179\" class=\"text\">\n\t\t\n\n<h2>Laatufarmi Ab<\/h2>\n\t\t\n<style>\n#text-694624179 {\n  font-size: 1.5rem;\n  text-align: center;\n}\n@media (min-width:550px) {\n  #text-694624179 {\n    text-align: center;\n  }\n}\n<\/style>\n\t<\/div>\n\t\n\t<div id=\"text-347031\" class=\"text\">\n\t\t\n\n<p>Laatufarmi \u00e4r m\u00f6jligheternas webbshop. H\u00e4r hittar du kvalitetsprodukter f\u00f6r hush\u00e5ll, g\u00e5rd och industri, samt mycket mer. Kvalitet \u00e4r v\u00e5rt stora nyckelord och v\u00e5rt utbud kan variera mycket beroende p\u00e5 s\u00e4song och efterfr\u00e5gan fr\u00e5n kunderna.<\/p>\n<p>F\u00f6retaget grundades \u00e5r 2016 och har sitt huvudkontor i \u00d6sterbotten. Vi finns h\u00e4r f\u00f6r v\u00e5ra kunder \u2013 vad v\u00e5ra kunder ber vi tar vi in i sortimentet.<\/p>\n\t\t\n<style>\n#text-347031 {\n  text-align: center;\n}\n@media (min-width:550px) {\n  #text-347031 {\n    text-align: center;\n  }\n}\n<\/style>\n\t<\/div>\n\t\n\n\t\t<\/div>\n\t\t\t\t\n<style>\n#col-311426079 > .col-inner {\n  padding: 0px 0px 0px 0;\n  margin: 0px 0px -60px 0px;\n}\n@media (min-width:550px) {\n  #col-311426079 > .col-inner {\n    padding: 0px 0px 0px 30px;\n    margin: 0px 0px -50px 0px;\n  }\n}\n<\/style>\n\t<\/div>\n\n\t\n\n<\/div>\n\n\t\t<\/div>\n\n\t\t\n<style>\n#section_968644610 {\n  padding-top: 60px;\n  padding-bottom: 60px;\n  background-color: rgb(244, 244, 244);\n}\n@media (min-width:550px) {\n  #section_968644610 {\n    padding-top: 60px;\n    padding-bottom: 60px;\n  }\n}\n<\/style>\n\t<\/section>\n\t\n\n\t<section class=\"section\" id=\"section_2054025342\">\n\t\t<div class=\"section-bg fill\" >\n\t\t\t\t\t\t\t\t\t\n\t\t\t\n\n\t\t<\/div>\n\n\t\t\n\n\t\t<div class=\"section-content relative\">\n\t\t\t\n\n<div class=\"row\" style=\"max-width:800px\" id=\"row-1360093325\">\n\n\n\t<div id=\"col-1877792226\" class=\"col small-12 large-12\"  >\n\t\t\t\t<div class=\"col-inner\"  >\n\t\t\t\n\t\t\t\n\n\t<div id=\"text-2215243980\" class=\"text\">\n\t\t\n\n<h2>Vem \u00e4r vi?<\/h2>\n\t\t\n<style>\n#text-2215243980 {\n  font-size: 1.5rem;\n  text-align: center;\n}\n<\/style>\n\t<\/div>\n\t\n\t<div id=\"text-3590931501\" class=\"text\">\n\t\t\n\n<p>V\u00e5rt team best\u00e5r av grundarna Hans Esberg och M\u00e5rten Lassfolk. Vi betj\u00e4nar dig p\u00e5 s\u00e5v\u00e4l finska som svenska. I teamet ing\u00e5r \u00e4ven Eva-Maria Esberg, som har hand om allt det ekonomiska samt underh\u00e5ll av webbshopen.<\/p>\n\t\t\n<style>\n#text-3590931501 {\n  text-align: center;\n}\n<\/style>\n\t<\/div>\n\t\n\n\t\t<\/div>\n\t\t\t\t\t<\/div>\n\n\t\n\n<\/div>\n<div class=\"row\" style=\"max-width:1200px\" id=\"row-2073576194\">\n\n\n\t<div id=\"col-459956717\" class=\"col medium-6 small-12 large-6\"  >\n\t\t\t\t<div class=\"col-inner\" style=\"background-color:rgb(255, 255, 255);\" >\n\t\t\t\n\t<div class=\"is-border\"\n\t\tstyle=\"border-width:2px 2px 2px 2px;\">\n\t<\/div>\n\t\t\t\n\n    <div class=\"box has-hover has-hover box-text-bottom\" >\n\n                  <div class=\"box-image \" style=\"width:80%;\">\n           <div class=\"box-image-inner image-cover\" style=\"padding-top:100%;\">\n              <img loading=\"lazy\" decoding=\"async\" width=\"1110\" height=\"1109\" src=\"https:\/\/laatufarmi.fi\/wp-content\/uploads\/2021\/06\/Hans-Esberg.jpeg\" class=\"attachment- size-\" alt=\"\" srcset=\"https:\/\/laatufarmi.fi\/wp-content\/uploads\/2021\/06\/Hans-Esberg.jpeg 1110w, https:\/\/laatufarmi.fi\/wp-content\/uploads\/2021\/06\/Hans-Esberg-100x100.jpeg 100w, https:\/\/laatufarmi.fi\/wp-content\/uploads\/2021\/06\/Hans-Esberg-800x799.jpeg 800w, https:\/\/laatufarmi.fi\/wp-content\/uploads\/2021\/06\/Hans-Esberg-300x300.jpeg 300w, https:\/\/laatufarmi.fi\/wp-content\/uploads\/2021\/06\/Hans-Esberg-1024x1024.jpeg 1024w, https:\/\/laatufarmi.fi\/wp-content\/uploads\/2021\/06\/Hans-Esberg-150x150.jpeg 150w, https:\/\/laatufarmi.fi\/wp-content\/uploads\/2021\/06\/Hans-Esberg-768x767.jpeg 768w\" sizes=\"auto, (max-width: 1110px) 100vw, 1110px\" \/>                         <\/div>\n          <\/div>\n         \n          <div class=\"box-text text-center\" >\n                <div class=\"box-text-inner\">\n                  <h4 class=\"uppercase\">\n                    <span class=\"person-name\">Hans Esberg<\/span><br\/>\n                    <span class=\"person-title is-small thin-font op-7\">\n                      F\u00f6rs\u00e4ljning                    <\/span>\n                  <\/h4>\n\t\t\t\t\t\n\n\t<div id=\"gap-2041144187\" class=\"gap-element clearfix\" style=\"display:block; height:auto;\">\n\t\t\n<style>\n#gap-2041144187 {\n  padding-top: 10px;\n}\n<\/style>\n\t<\/div>\n\t\n\n<p>hans@laatufarmi.fi<br>+358 50 533 7230<\/p>\n\n                <\/div>\n          <\/div>\n    <\/div>\n\n\t\n    \n\n\t\t<\/div>\n\t\t\t\t\n<style>\n#col-459956717 > .col-inner {\n  padding: 25px 0px 0px 0px;\n}\n<\/style>\n\t<\/div>\n\n\t\n\n\t<div id=\"col-296156099\" class=\"col medium-6 small-12 large-6\"  >\n\t\t\t\t<div class=\"col-inner\" style=\"background-color:rgb(255, 255, 255);\" >\n\t\t\t\n\t<div class=\"is-border\"\n\t\tstyle=\"border-width:2px 2px 2px 2px;\">\n\t<\/div>\n\t\t\t\n\n    <div class=\"box has-hover has-hover box-text-bottom\" >\n\n                  <div class=\"box-image \" style=\"width:80%;\">\n           <div class=\"box-image-inner image-cover\" style=\"padding-top:100%;\">\n              <img loading=\"lazy\" decoding=\"async\" width=\"1296\" height=\"1296\" src=\"https:\/\/laatufarmi.fi\/wp-content\/uploads\/2021\/06\/Marten-Lassfolk.jpeg\" class=\"attachment- size-\" alt=\"\" srcset=\"https:\/\/laatufarmi.fi\/wp-content\/uploads\/2021\/06\/Marten-Lassfolk.jpeg 1296w, https:\/\/laatufarmi.fi\/wp-content\/uploads\/2021\/06\/Marten-Lassfolk-100x100.jpeg 100w, https:\/\/laatufarmi.fi\/wp-content\/uploads\/2021\/06\/Marten-Lassfolk-800x800.jpeg 800w, https:\/\/laatufarmi.fi\/wp-content\/uploads\/2021\/06\/Marten-Lassfolk-300x300.jpeg 300w, https:\/\/laatufarmi.fi\/wp-content\/uploads\/2021\/06\/Marten-Lassfolk-1024x1024.jpeg 1024w, https:\/\/laatufarmi.fi\/wp-content\/uploads\/2021\/06\/Marten-Lassfolk-150x150.jpeg 150w, https:\/\/laatufarmi.fi\/wp-content\/uploads\/2021\/06\/Marten-Lassfolk-768x768.jpeg 768w\" sizes=\"auto, (max-width: 1296px) 100vw, 1296px\" \/>                         <\/div>\n          <\/div>\n         \n          <div class=\"box-text text-center\" >\n                <div class=\"box-text-inner\">\n                  <h4 class=\"uppercase\">\n                    <span class=\"person-name\">M\u00e5rten Lassfolk<\/span><br\/>\n                    <span class=\"person-title is-small thin-font op-7\">\n                      Utveckling                    <\/span>\n                  <\/h4>\n\t\t\t\t\t\n\n\t<div id=\"gap-955074196\" class=\"gap-element clearfix\" style=\"display:block; height:auto;\">\n\t\t\n<style>\n#gap-955074196 {\n  padding-top: 10px;\n}\n<\/style>\n\t<\/div>\n\t\n\n<p>marten@laatufarmi.fi<br>+358 44 976 1451<\/p>\n\n                <\/div>\n          <\/div>\n    <\/div>\n\n\t\n    \n\n\t\t<\/div>\n\t\t\t\t\n<style>\n#col-296156099 > .col-inner {\n  padding: 25px 0px 0px 0px;\n}\n<\/style>\n\t<\/div>\n\n\t\n\n<\/div>\n\t<div id=\"gap-584627716\" class=\"gap-element clearfix\" style=\"display:block; height:auto;\">\n\t\t\n<style>\n#gap-584627716 {\n  padding-top: 45px;\n}\n@media (min-width:550px) {\n  #gap-584627716 {\n    padding-top: 60px;\n  }\n}\n<\/style>\n\t<\/div>\n\t\n\n\n\t\t<\/div>\n\n\t\t\n<style>\n#section_2054025342 {\n  padding-top: 0px;\n  padding-bottom: 0px;\n  background-color: rgb(244, 244, 244);\n}\n<\/style>\n\t<\/section>\n\t\n","protected":false},"excerpt":{"rendered":"","protected":false},"author":1,"featured_media":0,"parent":0,"menu_order":0,"comment_status":"closed","ping_status":"closed","template":"page-blank.php","meta":{"footnotes":""},"class_list":["post-555","page","type-page","status-publish","hentry"],"_links":{"self":[{"href":"https:\/\/laatufarmi.fi\/sv\/wp-json\/wp\/v2\/pages\/555","targetHints":{"allow":["GET"]}}],"collection":[{"href":"https:\/\/laatufarmi.fi\/sv\/wp-json\/wp\/v2\/pages"}],"about":[{"href":"https:\/\/laatufarmi.fi\/sv\/wp-json\/wp\/v2\/types\/page"}],"author":[{"embeddable":true,"href":"https:\/\/laatufarmi.fi\/sv\/wp-json\/wp\/v2\/users\/1"}],"replies":[{"embeddable":true,"href":"https:\/\/laatufarmi.fi\/sv\/wp-json\/wp\/v2\/comments?post=555"}],"version-history":[{"count":3,"href":"https:\/\/laatufarmi.fi\/sv\/wp-json\/wp\/v2\/pages\/555\/revisions"}],"predecessor-version":[{"id":1136,"href":"https:\/\/laatufarmi.fi\/sv\/wp-json\/wp\/v2\/pages\/555\/revisions\/1136"}],"wp:attachment":[{"href":"https:\/\/laatufarmi.fi\/sv\/wp-json\/wp\/v2\/media?parent=555"}],"curies":[{"name":"wp","href":"https:\/\/api.w.org\/{rel}","templated":true}]}}