{"id":550,"date":"2021-07-16T14:17:19","date_gmt":"2021-07-16T14:17:19","guid":{"rendered":"https:\/\/laatufarmi.fi\/?page_id=550"},"modified":"2021-08-08T19:48:41","modified_gmt":"2021-08-08T16:48:41","slug":"kop-och-leveransvillkor","status":"publish","type":"page","link":"https:\/\/laatufarmi.fi\/sv\/kop-och-leveransvillkor\/","title":{"rendered":"K\u00f6p- och leveransvillkor"},"content":{"rendered":"\n\n\t<section class=\"section\" id=\"section_1755699767\">\n\t\t<div class=\"section-bg fill\" >\n\t\t\t\t\t\t\t\t\t\n\t\t\t\n\n\t\t<\/div>\n\n\t\t\n\n\t\t<div class=\"section-content relative\">\n\t\t\t\n\n<div class=\"row\" style=\"max-width:1000px\" id=\"row-1288014693\">\n\n\n\t<div id=\"col-523343134\" class=\"col small-12 large-12\"  >\n\t\t\t\t<div class=\"col-inner\"  >\n\t\t\t\n\t\t\t\n\n<div class=\"container section-title-container\" ><h1 class=\"section-title section-title-normal\"><b aria-hidden=\"true\"><\/b><span class=\"section-title-main\" >K\u00f6p- och leveransvillkor<\/span><b aria-hidden=\"true\"><\/b><\/h1><\/div>\n\n<h3>Allm\u00e4nt<\/h3>\n<p>Laatufarmi Oy, aff\u00e4rs-ID: 2773909-1, adress: S\u00f6derholmsv\u00e4gen 106, 68530 Lepplax; s\u00e4ljer produkter till f\u00f6retag och vuxna i EU. Dessa leveransvillkor \u00e4r l\u00e4mpliga f\u00f6r best\u00e4llning av produkter i v\u00e5r webbutik och f\u00f6r liknande leveranser.<\/p>\n<p>Dessa leveransvillkor g\u00e4ller fr\u00e5n 25.01.2017. Vi kan \u00e4ndra leveransvillkoren ensidigt d\u00e5 och d\u00e5, s\u00e5 l\u00e4s v\u00e5ra leveransvillkor i f\u00f6rv\u00e4g varje g\u00e5ng du best\u00e4ller produkter fr\u00e5n v\u00e5r webbutik.<\/p>\n<h3>Produkter och produktpriser<\/h3>\n<p>Funktionerna och priserna f\u00f6r e-handelsprodukter presenteras i samband med produktpresentationen f\u00f6r varje produkt. Vi f\u00f6rbeh\u00e5ller oss r\u00e4tten att \u00e4ndra priser och leveranskostnader, s\u00e5 kontrollera detta. priser fr\u00e5n kundvagnen innan du accepterar best\u00e4llningen. Priserna p\u00e5 produkterna som visas i kundvagnen och i orderbekr\u00e4ftelsen.<\/p>\n<h3>Fraktkostnader<\/h3>\n<p>Leveranskostnaderna som kan debiteras f\u00f6r best\u00e4llningen beror p\u00e5 sj\u00e4lva produkten (t.ex. vikt, f\u00f6rpackning) och den valda leveransmetoden och l\u00e4ggs automatiskt till orderns totala belopp. Du ser fraktkostnaderna f\u00f6r din best\u00e4llning (om fraktkostnader debiteras) i din kundvagn innan du accepterar best\u00e4llningen.<\/p>\n<h3>Best\u00e4llning och kontrakt<\/h3>\n<p>Du kan best\u00e4lla produkter p\u00e5 v\u00e5r webbutiks webbplats genom att \u00f6verf\u00f6ra dem till kundvagnen och bekr\u00e4fta best\u00e4llningen och betala f\u00f6r inneh\u00e5llet i kundvagnen i betaltj\u00e4nsten. N\u00e4r du best\u00e4ller fr\u00e5n v\u00e5r webbutik m\u00e5ste du l\u00e4sa och \u00e5ta dig v\u00e5ra nuvarande leveransvillkor. Du f\u00f6rst\u00e5r att din best\u00e4llning, som du accepterar och bekr\u00e4ftar, \u00e4r, f\u00f6rutom vad som anges nedan med avseende p\u00e5 \u00e5ngerr\u00e4tten, bindande och skapar ett avtal mellan oss med dessa leveransvillkor.<\/p>\n<h3>Betalnings- och betalningsmetoder<\/h3>\n<p>Du kan betala f\u00f6r din best\u00e4llning med de betalningsmetoder som beskrivs i webbutiken och finns i kundvagnen.<\/p>\n<h3>Best\u00e4llnings- och betalningsbekr\u00e4ftelse<\/h3>\n<p>Efter en best\u00e4llning kommer en orderbekr\u00e4ftelse att skickas till din e-postadress, s\u00e5 ange din e-postadress n\u00e4r du g\u00f6r din best\u00e4llning. Orderbekr\u00e4ftelsen bekr\u00e4ftar ocks\u00e5 den anv\u00e4nda betalningsmetoden.<\/p>\n<p>Om vi av n\u00e5gon ov\u00e4ntad anledning inte kan bekr\u00e4fta din best\u00e4llning kommer vi att meddela dig via e-post s\u00e5 snart som m\u00f6jligt.<\/p>\n<h3>Leveransmetod<\/h3>\n<p>Vi kommer att leverera din best\u00e4llning med en av de leveransmetoder som n\u00e4mns p\u00e5 v\u00e5r webbplats, som du v\u00e4ljer i samband med din best\u00e4llning.<\/p>\n<h3>Leveranstid<\/h3>\n<p>V\u00e5ra vanligaste leveranstider till EU \u00e4r dagar, beroende p\u00e5 best\u00e4llning och leveransmetod. Mer specifika tider kommer att meddelas i samband med produktalternativen.<\/p>\n<h3>\u00c5ngerr\u00e4tt och returr\u00e4tt<\/h3>\n<p>Om du \u00e4r konsument har du r\u00e4tt enligt den finska konsumentskyddslagen att annullera din best\u00e4llning genom att meddela oss senast 14 dagar efter mottagandet av varan eller den sista varupartiet eller, vid regelbunden leverans av varorna, den f\u00f6rsta varupartin.<\/p>\n<p>Avbest\u00e4llningsmeddelandet m\u00e5ste g\u00f6ras tydligt, till exempel p\u00e5 v\u00e5rt avbest\u00e4llningsformul\u00e4r, i v\u00e5rt e-postmeddelande nedan eller i det skriftliga meddelandet du tillhandah\u00e5ller med de returnerade varorna.<\/p>\n<p>\u00c5ngerr\u00e4tten g\u00e4ller endast och de returnerade produkterna m\u00e5ste vara i originalf\u00f6rpackningen, oanv\u00e4nda och v\u00e4l f\u00f6rpackade f\u00f6r retur. Om den returnerade produkten har anv\u00e4nts i strid med k\u00f6parens lagstadgade v\u00e5rdplikt har f\u00f6retaget r\u00e4tt att debitera en nedskrivning till produktens hela pris med returkostnader.<\/p>\n<p>Om transaktionen annulleras m\u00e5ste varorna returneras till v\u00e5r returadress nedan utan dr\u00f6jsm\u00e5l och senast 14 dagar efter meddelandet om annullering. Om det beh\u00f6vs, m\u00e5ste returmannen bevisa att varorna har returnerats inom tidsgr\u00e4nsen, till exempel med returkvitto. Returen m\u00e5ste betala kostnaden f\u00f6r returen. Dessa kostnader kommer inte att \u00e5terbetalas till returen.<\/p>\n<p>N\u00e4r du returnerar en levererad best\u00e4llning, ange ditt namn och kontaktinformation och kontonummer f\u00f6r \u00e5terbetalning.<\/p>\n<p>F\u00f6ljaktligen \u00e5terbetalar vi pengarna du betalade f\u00f6r best\u00e4llningen utan dr\u00f6jsm\u00e5l i enlighet med konsumentskyddslagen.<\/p>\n<p>V\u00e5r returadress:<br \/>Laatufarmi Oy<br \/>S\u00f6derholmsv\u00e4gen 106<br \/>68530 Lepplax<br \/>finland<\/p>\n<h3>\u00d6verf\u00f6ringskontroll, fel och problem<\/h3>\n<p>Kontrollera leveransen omedelbart efter mottagandet. Om produkten g\u00e5r f\u00f6rlorad eller skadas under transport eller p\u00e5 annat s\u00e4tt inte \u00f6verensst\u00e4mmer med din best\u00e4llning eller \u00e4r defekt, v\u00e4nligen rapportera den till v\u00e5r kundtj\u00e4nst s\u00e5 snart som m\u00f6jligt och senast inom 14 dagar s\u00e5 kommer vi att komma \u00f6verens om hur vi kan r\u00e4tta till felet. I konsumenthandeln f\u00f6ljer vi de obligatoriska best\u00e4mmelserna i konsumentskyddslagen om ansvar f\u00f6r fel.<\/p>\n<h3>Kundservice<\/h3>\n<p>V\u00e5r personal hj\u00e4lper dig med alla fr\u00e5gor som r\u00f6r din best\u00e4llning. Kontakta oss, antingen via e-post eller telefon:<\/p>\n<p>hans@laatufarmi.fi<br \/>+358 0505337230<\/p>\n<h3>Ansvarsbegr\u00e4nsning<\/h3>\n<p>Laatufarmi Oy ansvarar inte f\u00f6r n\u00e5gon indirekt eller f\u00f6ljdskada eller annan skada relaterad till best\u00e4llningen, leveransen eller produkten eller f\u00f6r n\u00e5got av ovanst\u00e5ende, f\u00f6rutom vad som annars anges i en obligatorisk best\u00e4mmelse i konsumentskyddslagen eller annan obligatorisk lag f\u00f6r s\u00e5dan skada.<\/p>\n<h3>Oenigheter<\/h3>\n<p>Vi kommer att str\u00e4va efter att l\u00f6sa eventuella tvister om din best\u00e4llning fr\u00e4mst efter \u00f6verenskommelse, s\u00e5 kontakta v\u00e5r kundtj\u00e4nst i f\u00f6rsta hand f\u00f6r att ordna \u00e4rendet.<\/p>\n<p>Om tvisten om det kommersiella avtalet inte kan l\u00f6sas genom f\u00f6rhandlingar mellan parterna kan konsumenten h\u00e4nskjuta \u00e4rendet till konsumenttviststyrelsen (<a href=\"http:\/\/www.kuluttajariita.fi\/\" data-link-type=\"external\" data-type=\"linkpicker\" rel=\"nofollow noopener\" target=\"_blank\">\u00a0www.kuluttajariita.fi<\/a>\u00a0) som ska l\u00f6sas. Innan \u00e4rendet tas till konsumenttviststyrelsen m\u00e5ste konsumenten kontakta domarnas konsumentr\u00e5d (<a href=\"http:\/\/www.kuluttajaneuvonta.fi\/\" data-link-type=\"external\" data-type=\"linkpicker\" rel=\"nofollow noopener\" target=\"_blank\">\u00a0www.kuluttajaneuvonta.fi<\/a>\u00a0).<\/p>\n\n\t\t<\/div>\n\t\t\t\t\t<\/div>\n\n\t\n\n<\/div>\n\n\t\t<\/div>\n\n\t\t\n<style>\n#section_1755699767 {\n  padding-top: 60px;\n  padding-bottom: 60px;\n}\n<\/style>\n\t<\/section>\n\t\n\n","protected":false},"excerpt":{"rendered":"","protected":false},"author":1,"featured_media":0,"parent":0,"menu_order":0,"comment_status":"closed","ping_status":"closed","template":"page-blank.php","meta":{"footnotes":""},"class_list":["post-550","page","type-page","status-publish","hentry"],"_links":{"self":[{"href":"https:\/\/laatufarmi.fi\/sv\/wp-json\/wp\/v2\/pages\/550","targetHints":{"allow":["GET"]}}],"collection":[{"href":"https:\/\/laatufarmi.fi\/sv\/wp-json\/wp\/v2\/pages"}],"about":[{"href":"https:\/\/laatufarmi.fi\/sv\/wp-json\/wp\/v2\/types\/page"}],"author":[{"embeddable":true,"href":"https:\/\/laatufarmi.fi\/sv\/wp-json\/wp\/v2\/users\/1"}],"replies":[{"embeddable":true,"href":"https:\/\/laatufarmi.fi\/sv\/wp-json\/wp\/v2\/comments?post=550"}],"version-history":[{"count":3,"href":"https:\/\/laatufarmi.fi\/sv\/wp-json\/wp\/v2\/pages\/550\/revisions"}],"predecessor-version":[{"id":1155,"href":"https:\/\/laatufarmi.fi\/sv\/wp-json\/wp\/v2\/pages\/550\/revisions\/1155"}],"wp:attachment":[{"href":"https:\/\/laatufarmi.fi\/sv\/wp-json\/wp\/v2\/media?parent=550"}],"curies":[{"name":"wp","href":"https:\/\/api.w.org\/{rel}","templated":true}]}}